{"id":2852,"date":"2021-04-15T07:55:36","date_gmt":"2021-04-15T07:55:36","guid":{"rendered":"http:\/\/enova-test.local\/?page_id=2852"},"modified":"2025-06-09T17:23:36","modified_gmt":"2025-06-09T14:23:36","slug":"home-default","status":"publish","type":"page","link":"https:\/\/franchisemore.com\/","title":{"rendered":"Home Default"},"content":{"rendered":"\t\t<div data-elementor-type=\"wp-page\" data-elementor-id=\"2852\" class=\"elementor elementor-2852\">\n\t\t\t\t\t\t<section class=\"elementor-section elementor-top-section elementor-element elementor-element-8adceb9 elementor-section-full_width elementor-section-height-default elementor-section-height-default\" data-id=\"8adceb9\" data-element_type=\"section\">\n\t\t\t\t\t\t<div class=\"elementor-container elementor-column-gap-no\">\n\t\t\t\t\t<div class=\"elementor-column elementor-col-100 elementor-top-column elementor-element elementor-element-29ec965\" data-id=\"29ec965\" data-element_type=\"column\">\n\t\t\t<div class=\"elementor-widget-wrap elementor-element-populated\">\n\t\t\t\t\t\t<div class=\"elementor-element elementor-element-284b3d1 elementor-widget elementor-widget-enova_general_slider\" data-id=\"284b3d1\" data-element_type=\"widget\" data-widget_type=\"enova_general_slider.default\">\n\t\t\t\t<div class=\"elementor-widget-container\">\n\t\t\t\t\t\t\t<div class=\"dl-slider swiper-container custom \" dir=\"ltr\" data-settings=\"{&quot;autoplay&quot;:false,&quot;autoplaySpeed&quot;:5000,&quot;speed&quot;:1000,&quot;effect&quot;:&quot;fade&quot;,&quot;initialSlide&quot;:1,&quot;grabCursor&quot;:false,&quot;loop&quot;:false,&quot;pauseOnHover&quot;:false,&quot;parallax&quot;:false,&quot;mousewheel&quot;:false,&quot;navigation&quot;:&quot;yes&quot;,&quot;pagination&quot;:&quot;yes&quot;}\">\n\t\t\t<div class=\"swiper-wrapper\">\n\t\t\t\t\t\t\t\t<div class=\"swiper-slide elementor-repeater-item-0df68b2\">\n\t\t\t\t\t<div class=\"slide-img-wrap\"><img decoding=\"async\" src=\"https:\/\/franchisemore.com\/wp-content\/uploads\/2025\/02\/shutterstock_2251938325-2048x1365-2.jpg\" alt=\"Home Default\" class=\"slide-img \" style=\"\"\/><\/div><div class=\"overlay\"><\/div>\t\t\t\t\t<div class=\"slider-content-wrap text-left\">\n\t\t\t\t\t\t<div class=\"content-width\">\n\t\t\t\t\t\t\t<div class=\"slider-content\">\n\t\t\t\t\t\t\t\t            <div class=\"dl-caption sub-heading\">\n            <div class=\"inner-layer\"><div data-animation=\"fadeIn\" data-delay=\"1000ms\" data-duration=\"1000ms\">1996\u2019DAN BUG\u00dcNE T\u00dcRK\u0130YEN\u0130N FRANCHISE AKLI<\/div><\/div>            <\/div>\n                <div class=\"dl-caption heading\">\n        <div class=\"inner-layer\"><div data-animation=\"moveToRight\" data-delay=\"1000ms\" data-duration=\"1000ms\">Franchise al\u0131rken verirken devrederken yan\u0131n\u0131zda<\/div><\/div>        <\/div>\n        \t\t\t\t\t\t\t\t<div class=\"dl-btn-group\">\n\t\t\t\t\t\t\t\t\t\t\t\t\t\t\t\t\t<\/div>\n\t\t\t\t\t\t\t<\/div>\n\t\t\t\t\t\t<\/div>\n\t\t\t\t\t<\/div>\n\t\t\t\t<\/div>\n\t\t\t\t\t\t\t<\/div>\n\t\t\t        <div class=\"dl-slider-controls style-1\">\n        <div class=\"dl-slider-button-prev\"><svg viewBox='0 0 16 16' xmlns='http:\/\/www.w3.org\/2000\/svg'><path d='M15 8a.5.5 0 0 0-.5-.5H2.707l3.147-3.146a.5.5 0 1 0-.708-.708l-4 4a.5.5 0 0 0 0 .708l4 4a.5.5 0 0 0 .708-.708L2.707 8.5H14.5A.5.5 0 0 0 15 8z' \/><\/svg><\/div><div class=\"dl-swiper-pagination\"><\/div><div class=\"dl-slider-button-next\"><svg viewBox='0 0 16 16' xmlns='http:\/\/www.w3.org\/2000\/svg'><path d='M1 8a.5.5 0 0 1 .5-.5h11.793l-3.147-3.146a.5.5 0 0 1 .708-.708l4 4a.5.5 0 0 1 0 .708l-4 4a.5.5 0 0 1-.708-.708L13.293 8.5H1.5A.5.5 0 0 1 1 8z' \/><\/svg><\/div>        <\/div>\n        \t\t\t<div class=\"slider-preloader\"><div class=\"dot-flashing\"><\/div><\/div>\n\t\t<\/div>\n\t\t\t\t\t\t<\/div>\n\t\t\t\t<\/div>\n\t\t\t\t\t<\/div>\n\t\t<\/div>\n\t\t\t\t\t<\/div>\n\t\t<\/section>\n\t\t\t\t<section class=\"elementor-section elementor-top-section elementor-element elementor-element-5fd6a86 elementor-section-boxed elementor-section-height-default elementor-section-height-default\" data-id=\"5fd6a86\" data-element_type=\"section\">\n\t\t\t\t\t\t<div class=\"elementor-container elementor-column-gap-default\">\n\t\t\t\t\t<div class=\"elementor-column elementor-col-33 elementor-top-column elementor-element elementor-element-630ef0b elementor-invisible\" data-id=\"630ef0b\" data-element_type=\"column\" data-settings=\"{&quot;animation&quot;:&quot;fadeInUp&quot;}\">\n\t\t\t<div class=\"elementor-widget-wrap elementor-element-populated\">\n\t\t\t\t\t\t<div class=\"elementor-element elementor-element-f571470 elementor-view-default elementor-widget elementor-widget-icon\" data-id=\"f571470\" data-element_type=\"widget\" data-widget_type=\"icon.default\">\n\t\t\t\t<div class=\"elementor-widget-container\">\n\t\t\t\t\t\t\t<div class=\"elementor-icon-wrapper\">\n\t\t\t<div class=\"elementor-icon\">\n\t\t\t<i aria-hidden=\"true\" class=\"ev ev-stats\"><\/i>\t\t\t<\/div>\n\t\t<\/div>\n\t\t\t\t\t\t<\/div>\n\t\t\t\t<\/div>\n\t\t\t\t<div class=\"elementor-element elementor-element-72a7fbc elementor-widget elementor-widget-wt_bs_heading\" data-id=\"72a7fbc\" data-element_type=\"widget\" data-widget_type=\"wt_bs_heading.default\">\n\t\t\t\t<div class=\"elementor-widget-container\">\n\t\t\t\t\t\t\t<div id=\"wt-at-72a7fbc\" class=\"headng-wrap center\">\n\t\t\t<div class=\"section-heading\">\n\t\t\t\t\t\t\t\t\t\t\t<h2\n\t\t\t\t\t\t\t\t>Franchise verin<\/h2>\n\t\t\t\t\t\t\t\t\t\t\t\t<p \t\t\t\t>F&amp;M ile konseptinizi geli\u015ftirin, franchise sisteminizi kurun, markan\u0131z\u0131 sa\u011fl\u0131kl\u0131 b\u00fcy\u00fct\u00fcn, d\u00fcnyaya a\u00e7\u0131l\u0131n<\/p>\n\t\t\t\t\t\t\t<\/div>\n\t\t<\/div>\n\n\t\t\t\t\t<\/div>\n\t\t\t\t<\/div>\n\t\t\t\t<div class=\"elementor-element elementor-element-32a9e07 elementor-view-default elementor-widget elementor-widget-icon\" data-id=\"32a9e07\" data-element_type=\"widget\" data-widget_type=\"icon.default\">\n\t\t\t\t<div class=\"elementor-widget-container\">\n\t\t\t\t\t\t\t<div class=\"elementor-icon-wrapper\">\n\t\t\t<a class=\"elementor-icon\" href=\"https:\/\/franchisemore.com\/index.php\/franchise-verenlere\/\">\n\t\t\t<i aria-hidden=\"true\" class=\"las la-arrow-right\"><\/i>\t\t\t<\/a>\n\t\t<\/div>\n\t\t\t\t\t\t<\/div>\n\t\t\t\t<\/div>\n\t\t\t\t\t<\/div>\n\t\t<\/div>\n\t\t\t\t<div class=\"elementor-column elementor-col-33 elementor-top-column elementor-element elementor-element-6fddbb6 elementor-invisible\" data-id=\"6fddbb6\" data-element_type=\"column\" data-settings=\"{&quot;animation&quot;:&quot;fadeInUp&quot;,&quot;animation_delay&quot;:300}\">\n\t\t\t<div class=\"elementor-widget-wrap elementor-element-populated\">\n\t\t\t\t\t\t<div class=\"elementor-element elementor-element-c3af53c elementor-view-default elementor-widget elementor-widget-icon\" data-id=\"c3af53c\" data-element_type=\"widget\" data-widget_type=\"icon.default\">\n\t\t\t\t<div class=\"elementor-widget-container\">\n\t\t\t\t\t\t\t<div class=\"elementor-icon-wrapper\">\n\t\t\t<div class=\"elementor-icon\">\n\t\t\t<i aria-hidden=\"true\" class=\"ev ev-idea\"><\/i>\t\t\t<\/div>\n\t\t<\/div>\n\t\t\t\t\t\t<\/div>\n\t\t\t\t<\/div>\n\t\t\t\t<div class=\"elementor-element elementor-element-e1b4789 elementor-widget elementor-widget-wt_bs_heading\" data-id=\"e1b4789\" data-element_type=\"widget\" data-widget_type=\"wt_bs_heading.default\">\n\t\t\t\t<div class=\"elementor-widget-container\">\n\t\t\t\t\t\t\t<div id=\"wt-at-e1b4789\" class=\"headng-wrap center\">\n\t\t\t<div class=\"section-heading\">\n\t\t\t\t\t\t\t\t\t\t\t<h2\n\t\t\t\t\t\t\t\t>Franchise al\u0131n<\/h2>\n\t\t\t\t\t\t\t\t\t\t\t\t<p \t\t\t\t>F&amp;M ile kendinize uygun i\u015fi se\u00e7in, severek yapaca\u011f\u0131n\u0131z, kolay kazanaca\u011f\u0131n\u0131z i\u015finizi kurun<\/p>\n\t\t\t\t\t\t\t<\/div>\n\t\t<\/div>\n\n\t\t\t\t\t<\/div>\n\t\t\t\t<\/div>\n\t\t\t\t<div class=\"elementor-element elementor-element-4c32bb5 elementor-view-default elementor-widget elementor-widget-icon\" data-id=\"4c32bb5\" data-element_type=\"widget\" data-widget_type=\"icon.default\">\n\t\t\t\t<div class=\"elementor-widget-container\">\n\t\t\t\t\t\t\t<div class=\"elementor-icon-wrapper\">\n\t\t\t<a class=\"elementor-icon\" href=\"https:\/\/franchisemore.com\/index.php\/franchise-alanlara\/\">\n\t\t\t<i aria-hidden=\"true\" class=\"las la-arrow-right\"><\/i>\t\t\t<\/a>\n\t\t<\/div>\n\t\t\t\t\t\t<\/div>\n\t\t\t\t<\/div>\n\t\t\t\t\t<\/div>\n\t\t<\/div>\n\t\t\t\t<div class=\"elementor-column elementor-col-33 elementor-top-column elementor-element elementor-element-8ad2ed1 elementor-invisible\" data-id=\"8ad2ed1\" data-element_type=\"column\" data-settings=\"{&quot;animation&quot;:&quot;fadeInUp&quot;,&quot;animation_delay&quot;:400}\">\n\t\t\t<div class=\"elementor-widget-wrap elementor-element-populated\">\n\t\t\t\t\t\t<div class=\"elementor-element elementor-element-ea92440 elementor-view-default elementor-widget elementor-widget-icon\" data-id=\"ea92440\" data-element_type=\"widget\" data-widget_type=\"icon.default\">\n\t\t\t\t<div class=\"elementor-widget-container\">\n\t\t\t\t\t\t\t<div class=\"elementor-icon-wrapper\">\n\t\t\t<div class=\"elementor-icon\">\n\t\t\t<i aria-hidden=\"true\" class=\"ev ev-target\"><\/i>\t\t\t<\/div>\n\t\t<\/div>\n\t\t\t\t\t\t<\/div>\n\t\t\t\t<\/div>\n\t\t\t\t<div class=\"elementor-element elementor-element-b266f9a elementor-widget elementor-widget-wt_bs_heading\" data-id=\"b266f9a\" data-element_type=\"widget\" data-widget_type=\"wt_bs_heading.default\">\n\t\t\t\t<div class=\"elementor-widget-container\">\n\t\t\t\t\t\t\t<div id=\"wt-at-b266f9a\" class=\"headng-wrap center\">\n\t\t\t<div class=\"section-heading\">\n\t\t\t\t\t\t\t\t\t\t\t<h2\n\t\t\t\t\t\t\t\t>Deneyimi yan\u0131n\u0131za al\u0131n<\/h2>\n\t\t\t\t\t\t\t\t\t\t\t\t<p \t\t\t\t>F&amp;M 30 y\u0131ll\u0131k deneyimi ile neyi, nas\u0131l yapabilece\u011finizi s\u00f6yler, sizi \u00f6\u011frenmenin bedelinden kurtar\u0131r <\/p>\n\t\t\t\t\t\t\t<\/div>\n\t\t<\/div>\n\n\t\t\t\t\t<\/div>\n\t\t\t\t<\/div>\n\t\t\t\t<div class=\"elementor-element elementor-element-ee5ca5b elementor-view-default elementor-widget elementor-widget-icon\" data-id=\"ee5ca5b\" data-element_type=\"widget\" data-widget_type=\"icon.default\">\n\t\t\t\t<div class=\"elementor-widget-container\">\n\t\t\t\t\t\t\t<div class=\"elementor-icon-wrapper\">\n\t\t\t<a class=\"elementor-icon\" href=\"https:\/\/franchisemore.com\/index.php\/hakkimizda\/\">\n\t\t\t<i aria-hidden=\"true\" class=\"las la-arrow-right\"><\/i>\t\t\t<\/a>\n\t\t<\/div>\n\t\t\t\t\t\t<\/div>\n\t\t\t\t<\/div>\n\t\t\t\t\t<\/div>\n\t\t<\/div>\n\t\t\t\t\t<\/div>\n\t\t<\/section>\n\t\t\t\t<\/div>\n\t\t","protected":false},"excerpt":{"rendered":"<p>1996\u2019DAN BUG\u00dcNE T\u00dcRK\u0130YEN\u0130N FRANCHISE AKLI Franchise al\u0131rken verirken devrederken yan\u0131n\u0131zda Franchise verin F&amp;M ile konseptinizi geli\u015ftirin, franchise sisteminizi kurun, markan\u0131z\u0131 sa\u011fl\u0131kl\u0131 b\u00fcy\u00fct\u00fcn, d\u00fcnyaya a\u00e7\u0131l\u0131n Franchise al\u0131n F&amp;M ile kendinize uygun i\u015fi se\u00e7in, severek yapaca\u011f\u0131n\u0131z, kolay kazanaca\u011f\u0131n\u0131z i\u015finizi kurun Deneyimi yan\u0131n\u0131za al\u0131n F&amp;M 30 y\u0131ll\u0131k deneyimi ile neyi, nas\u0131l yapabilece\u011finizi s\u00f6yler, sizi \u00f6\u011frenmenin bedelinden kurtar\u0131r<\/p>\n","protected":false},"author":1,"featured_media":0,"parent":10645,"menu_order":0,"comment_status":"closed","ping_status":"closed","template":"empty-template.php","meta":{"_acf_changed":false,"footnotes":""},"class_list":["post-2852","page","type-page","status-publish","hentry"],"acf":[],"_links":{"self":[{"href":"https:\/\/franchisemore.com\/index.php\/wp-json\/wp\/v2\/pages\/2852","targetHints":{"allow":["GET"]}}],"collection":[{"href":"https:\/\/franchisemore.com\/index.php\/wp-json\/wp\/v2\/pages"}],"about":[{"href":"https:\/\/franchisemore.com\/index.php\/wp-json\/wp\/v2\/types\/page"}],"author":[{"embeddable":true,"href":"https:\/\/franchisemore.com\/index.php\/wp-json\/wp\/v2\/users\/1"}],"replies":[{"embeddable":true,"href":"https:\/\/franchisemore.com\/index.php\/wp-json\/wp\/v2\/comments?post=2852"}],"version-history":[{"count":77,"href":"https:\/\/franchisemore.com\/index.php\/wp-json\/wp\/v2\/pages\/2852\/revisions"}],"predecessor-version":[{"id":11202,"href":"https:\/\/franchisemore.com\/index.php\/wp-json\/wp\/v2\/pages\/2852\/revisions\/11202"}],"up":[{"embeddable":true,"href":"https:\/\/franchisemore.com\/index.php\/wp-json\/wp\/v2\/pages\/10645"}],"wp:attachment":[{"href":"https:\/\/franchisemore.com\/index.php\/wp-json\/wp\/v2\/media?parent=2852"}],"curies":[{"name":"wp","href":"https:\/\/api.w.org\/{rel}","templated":true}]}}