{"id":11209,"date":"2025-06-09T20:30:33","date_gmt":"2025-06-09T17:30:33","guid":{"rendered":"https:\/\/franchisemore.com\/?page_id=11209"},"modified":"2026-03-19T17:39:24","modified_gmt":"2026-03-19T14:39:24","slug":"uygunluk-testi","status":"publish","type":"page","link":"https:\/\/franchisemore.com\/index.php\/franchise-verenlere\/girisimcilik-testleri\/uygunluk-testi\/","title":{"rendered":"Uygunluk testi"},"content":{"rendered":"\n<p>Ki\u015filerin i\u015f ya\u015fam\u0131nda hangi g\u00f6revleri yapmaya yatk\u0131n oldu\u011funu g\u00f6steren ki\u015filik testi ile kendinize uygun i\u015fi se\u00e7ebilirsiniz.&nbsp; Test ki\u015filik \u00f6zelliklerini \u00f6l\u00e7er. Giri\u015fimci bu testle hem kendinin, hem ekibinin hangi i\u015flere uygun oldu\u011funu g\u00f6r\u00fcr, i\u015f se\u00e7imini ve da\u011f\u0131l\u0131m\u0131n\u0131 do\u011fru yapar.<\/p>\n\n\n\n<p>Littauer testi patentli oldu\u011fu i\u00e7in ekteki linkten yapabilirsiniz.\u00a0<strong><a href=\"https:\/\/franchise.com.tr\/survey\/486e3a22-b84b-4d52-af96-d02d13a2bf59\/4c334325-055b-4b0e-b38b-48ff194b983d\">L\u0130NK<\/a><\/strong><\/p>\n\n\n\n<ul class=\"wp-block-list\">\n<li>Pop\u00fcler optimistik KONU\u015eAN ki\u015filiktir. Sat\u0131\u015fa ve m\u00fc\u015fteri ili\u015fkilerine uygundur.<\/li>\n\n\n\n<li>G\u00fc\u00e7l\u00fc klorik YAPAN ki\u015filiktir. \u0130\u015fi yapmaya ve y\u00f6netmeye uygundur.<\/li>\n\n\n\n<li>Melankolik \u0130ZLEYEN ki\u015filiktir. \u0130\u015fi planlamaya ve raporlamaya uygundur.<\/li>\n\n\n\n<li>Bar\u0131\u015f\u00e7\u0131l so\u011fukkanl\u0131 D\u0130NLEYEN ki\u015filiktir. Ekip y\u00f6netmeye uygundur.<\/li>\n<\/ul>\n","protected":false},"excerpt":{"rendered":"<p>Ki\u015filerin i\u015f ya\u015fam\u0131nda hangi g\u00f6revleri yapmaya yatk\u0131n oldu\u011funu g\u00f6steren ki\u015filik testi ile kendinize uygun i\u015fi se\u00e7ebilirsiniz.&nbsp; Test ki\u015filik \u00f6zelliklerini \u00f6l\u00e7er. Giri\u015fimci bu testle hem kendinin, hem ekibinin hangi i\u015flere uygun oldu\u011funu g\u00f6r\u00fcr, i\u015f se\u00e7imini ve da\u011f\u0131l\u0131m\u0131n\u0131 do\u011fru yapar. Littauer testi patentli oldu\u011fu i\u00e7in ekteki linkten yapabilirsiniz.\u00a0L\u0130NK<\/p>\n","protected":false},"author":1,"featured_media":0,"parent":11207,"menu_order":1,"comment_status":"closed","ping_status":"closed","template":"","meta":{"_acf_changed":false,"footnotes":""},"class_list":["post-11209","page","type-page","status-publish","hentry"],"acf":[],"_links":{"self":[{"href":"https:\/\/franchisemore.com\/index.php\/wp-json\/wp\/v2\/pages\/11209","targetHints":{"allow":["GET"]}}],"collection":[{"href":"https:\/\/franchisemore.com\/index.php\/wp-json\/wp\/v2\/pages"}],"about":[{"href":"https:\/\/franchisemore.com\/index.php\/wp-json\/wp\/v2\/types\/page"}],"author":[{"embeddable":true,"href":"https:\/\/franchisemore.com\/index.php\/wp-json\/wp\/v2\/users\/1"}],"replies":[{"embeddable":true,"href":"https:\/\/franchisemore.com\/index.php\/wp-json\/wp\/v2\/comments?post=11209"}],"version-history":[{"count":2,"href":"https:\/\/franchisemore.com\/index.php\/wp-json\/wp\/v2\/pages\/11209\/revisions"}],"predecessor-version":[{"id":11226,"href":"https:\/\/franchisemore.com\/index.php\/wp-json\/wp\/v2\/pages\/11209\/revisions\/11226"}],"up":[{"embeddable":true,"href":"https:\/\/franchisemore.com\/index.php\/wp-json\/wp\/v2\/pages\/11207"}],"wp:attachment":[{"href":"https:\/\/franchisemore.com\/index.php\/wp-json\/wp\/v2\/media?parent=11209"}],"curies":[{"name":"wp","href":"https:\/\/api.w.org\/{rel}","templated":true}]}}