{"id":11184,"date":"2025-02-06T22:13:35","date_gmt":"2025-02-06T19:13:35","guid":{"rendered":"https:\/\/franchisemore.com\/?page_id=11184"},"modified":"2025-02-06T22:27:43","modified_gmt":"2025-02-06T19:27:43","slug":"neden-devredilir","status":"publish","type":"page","link":"https:\/\/franchisemore.com\/index.php\/devirler\/neden-devredilir\/","title":{"rendered":"Neden devredilir"},"content":{"rendered":"\n<p><strong>\u0130\u015fler neden devredilir<\/strong><\/p>\n\n\n\n<p>Franchise i\u015fletmelerin devir nedenleri aras\u0131nda s\u0131k raslananlar \u015funlard\u0131r:<\/p>\n\n\n\n<ul class=\"wp-block-list\">\n<li>franchise veren markan\u0131n ve zincirin y\u00f6netimine <strong>odaklanmak<\/strong> i\u00e7in kendi yerlerini franchise veriyordur<\/li>\n\n\n\n<li>franchise veren kendi yerini karl\u0131 i\u015fletiyordur, <strong>toplu para<\/strong> kazanmak i\u00e7in franchise veriyordur<\/li>\n\n\n\n<li>franchise veren kendi yerini <strong>verimsiz<\/strong> y\u00f6netiyor, franchise alan ba\u015f\u0131nda durup kar edece\u011fi i\u00e7in franchise veriyordur<\/li>\n\n\n\n<li>franchise alan ayn\u0131 i\u015fi <strong>ba\u015fka yerde<\/strong> yapmak istiyordur, yerini sat\u0131p yenisini kuracakt\u0131r<\/li>\n\n\n\n<li>franchise alan yapt\u0131\u011f\u0131 i\u015fi b\u0131rak\u0131p <strong>ba\u015fka sekt\u00f6re<\/strong> ge\u00e7mek istiyordur<\/li>\n\n\n\n<li>franchise alan ucuza kurup, kara ge\u00e7irip, pahal\u0131ya devrederek <strong>kar etmek<\/strong> istiyordur<\/li>\n\n\n\n<li>franchise alan i\u015fin kendisine uygun olmad\u0131\u011f\u0131n\u0131 anlam\u0131\u015ft\u0131r, i\u015ften <strong>s\u0131k\u0131lm\u0131\u015ft\u0131r<\/strong>, \u00e7ekilmek istiyordur<\/li>\n\n\n\n<li>franchise alan i\u015ften bekledi\u011fi kar\u0131 bulamam\u0131\u015ft\u0131r, mevcut karla <strong>yetinecek<\/strong> birine devretmek istiyordur<\/li>\n\n\n\n<li>franchise alan i\u015fin gereklerini yerine getirememi\u015ftir, merkezle ili\u015fkileri bozulmu\u015ftur, sistemden <strong>\u00e7\u0131kmas\u0131<\/strong> gerekiyordur<\/li>\n<\/ul>\n\n\n\n<p>Franchise verenler yeri ve i\u015fletmeciyi \u00f6zenle se\u00e7er, zarar nedeniyle kapanma d\u00fc\u015f\u00fckt\u00fcr. Ancak \u00e7e\u015fitli nedenlerle s\u00fcrekli devredenler olur. \u0130\u015fletmenin kolay devredilebilmesi, franchise sisteminin avantaj\u0131d\u0131r. Franchise veren az kazanan bir bayiyi sistemde tutmaktansa \u00e7ok kazanacak birinin devralmas\u0131n\u0131 ister. Devreden zarar ederken devralan\u0131n kar etti\u011fi \u00e7ok \u00f6rnekler vard\u0131r.<\/p>\n\n\n\n<p><strong>Devir nedeni \u00f6nemlidir<\/strong><\/p>\n\n\n\n<p>M\u00fcstakil i\u015fletmelerin devir nedenleri \u00fc\u00e7 ana grupta toplanabilir.<\/p>\n\n\n\n<ul class=\"wp-block-list\">\n<li><strong>\u0130\u015fletmeci<\/strong> yetersiz kal\u0131r, i\u015fi y\u00f6netemez, insanlar\u0131 \u00e7al\u0131\u015ft\u0131ramaz, m\u00fc\u015fterilere hitap edemez, pazarlamadan anlamaz, enerjisi d\u00fc\u015fer, motivasyonu kaybolur, y\u00fcr\u00fctmeye veya b\u00fcy\u00fctmeye sermayesi yetmez, kazanc\u0131yla yetinmez, ortaklar ayr\u0131l\u0131r, vb. E\u011fer devir nedeni ki\u015fisel ise, devir alan nedeni net g\u00f6rebiliyorsa, kendisinin bu eksi\u011fi kapataca\u011f\u0131na inan\u0131\u0131yorsa, yetersiz kazanan hatta zarar eden i\u015fletme bile <strong>al\u0131nabilir<\/strong>, i\u015fi bilene para kazand\u0131r\u0131r.<\/li>\n\n\n\n<li><strong>Rakipler <\/strong>g\u00fc\u00e7l\u00fcd\u00fcr, m\u00fc\u015fteri ba\u015fka yere ka\u00e7ar, ucuzcular etraf\u0131 sarar, i\u015fi \u00e7ok iyi bilenler gelir, m\u00fc\u015fterilerin tercihleri rakipler lehine de\u011fi\u015fir, i\u015fletme a\u00e7\u0131ld\u0131ktan sonra semte g\u00fc\u00e7l\u00fc rakipler gelir, i\u00e7inde bulunulan AVM m\u00fc\u015fteri \u00e7ekemez, vb. Devir al\u0131nd\u0131\u011f\u0131nda da durum de\u011fi\u015fmez ama, yer iyiyse, m\u00fc\u015fteri varsa, <strong>farkl\u0131<\/strong> bir marka ve konsept a\u00e7\u0131labilir.<\/li>\n\n\n\n<li><strong>Piyasa<\/strong> bozulur, ekonomik kriz nedeniyle t\u00fcketim zay\u0131flar, t\u00fcketici tercihleri de\u011fi\u015fti\u011fi i\u00e7in sekt\u00f6r yok olur, insanlar ba\u015fka b\u00f6lgeye \u00e7ekilir, sat\u0131lan temel \u00fcr\u00fcn k\u0131s\u0131tlan\u0131r veya yasaklan\u0131r, vb. Devir almak zarar\u0131 kabullenmek olur, <strong>al\u0131nmaz<\/strong>.<\/li>\n<\/ul>\n\n\n\n<p>Devir nedenini do\u011fru anlamak, en az i\u015fletmenin do\u011fru bilgilerine ula\u015fmak kadar \u00f6nemlidir. Devirlerde kazan\u00e7 f\u0131rsat\u0131 oldu\u011fu kadar, yanl\u0131\u015f y\u00f6nlendirilme riski de vard\u0131r. G\u00fcvenli devir i\u00e7in F&amp;M Temsilcileri profesyonel destek verir.<\/p>\n","protected":false},"excerpt":{"rendered":"<p>\u0130\u015fler neden devredilir Franchise i\u015fletmelerin devir nedenleri aras\u0131nda s\u0131k raslananlar \u015funlard\u0131r: Franchise verenler yeri ve i\u015fletmeciyi \u00f6zenle se\u00e7er, zarar nedeniyle kapanma d\u00fc\u015f\u00fckt\u00fcr. Ancak \u00e7e\u015fitli nedenlerle s\u00fcrekli devredenler olur. \u0130\u015fletmenin kolay devredilebilmesi, franchise sisteminin avantaj\u0131d\u0131r. Franchise veren az kazanan bir bayiyi sistemde tutmaktansa \u00e7ok kazanacak birinin devralmas\u0131n\u0131 ister. Devreden zarar ederken devralan\u0131n kar etti\u011fi \u00e7ok \u00f6rnekler<\/p>\n","protected":false},"author":1,"featured_media":0,"parent":10695,"menu_order":2,"comment_status":"closed","ping_status":"closed","template":"","meta":{"_acf_changed":false,"footnotes":""},"class_list":["post-11184","page","type-page","status-publish","hentry"],"acf":[],"_links":{"self":[{"href":"https:\/\/franchisemore.com\/index.php\/wp-json\/wp\/v2\/pages\/11184","targetHints":{"allow":["GET"]}}],"collection":[{"href":"https:\/\/franchisemore.com\/index.php\/wp-json\/wp\/v2\/pages"}],"about":[{"href":"https:\/\/franchisemore.com\/index.php\/wp-json\/wp\/v2\/types\/page"}],"author":[{"embeddable":true,"href":"https:\/\/franchisemore.com\/index.php\/wp-json\/wp\/v2\/users\/1"}],"replies":[{"embeddable":true,"href":"https:\/\/franchisemore.com\/index.php\/wp-json\/wp\/v2\/comments?post=11184"}],"version-history":[{"count":2,"href":"https:\/\/franchisemore.com\/index.php\/wp-json\/wp\/v2\/pages\/11184\/revisions"}],"predecessor-version":[{"id":11195,"href":"https:\/\/franchisemore.com\/index.php\/wp-json\/wp\/v2\/pages\/11184\/revisions\/11195"}],"up":[{"embeddable":true,"href":"https:\/\/franchisemore.com\/index.php\/wp-json\/wp\/v2\/pages\/10695"}],"wp:attachment":[{"href":"https:\/\/franchisemore.com\/index.php\/wp-json\/wp\/v2\/media?parent=11184"}],"curies":[{"name":"wp","href":"https:\/\/api.w.org\/{rel}","templated":true}]}}