{"id":11182,"date":"2025-02-06T22:12:40","date_gmt":"2025-02-06T19:12:40","guid":{"rendered":"https:\/\/franchisemore.com\/?page_id=11182"},"modified":"2026-04-20T16:16:49","modified_gmt":"2026-04-20T13:16:49","slug":"devirler-2","status":"publish","type":"page","link":"https:\/\/franchisemore.com\/index.php\/devirler\/devirler-2\/","title":{"rendered":"Devirler"},"content":{"rendered":"\n<p><strong>Devir portf\u00f6y\u00fc<\/strong><\/p>\n\n\n\n<p>Devir Sepeti, <strong>g\u00fcvenli <\/strong>\u015fekilde devren yer arayanlar ve yerini devretmek isteyenler i\u00e7in bulu\u015fma noktas\u0131d\u0131r. Burada sadece uzmanlar taraf\u0131ndan incelenmi\u015f ve ilan edilmeye uygun bulunmu\u015f f\u0131rsatlar yer al\u0131r.<\/p>\n\n\n\n<p>Devir Sepeti\u00b4nde tan\u0131nm\u0131\u015f <strong>markal\u0131<\/strong> i\u015fletmeler ve bunlara uygun yerler listelenir. Zarar eden veya kar etmesi m\u00fcmk\u00fcn olmayanlara yer verilmez.<\/p>\n\n\n\n<p>Markal\u0131 i\u015fletmeler afi\u015fe olmak istemez, al\u0131c\u0131lar yak\u0131n \u00e7evreleriyle s\u0131n\u0131rl\u0131 kal\u0131r. Emlak pazarlama kanallar\u0131na verirlerse k\u0131sa s\u00fcrede geni\u015f bir kitle duyar, belki h\u0131zl\u0131 sonu\u00e7 al\u0131n\u0131r, ancak o zincir markas\u0131 i\u00e7in kamuoyunda i\u015flemedi\u011fi ve devredildi\u011fi izlenimi olu\u015fur. Devir Sepeti bu nedenle.genel bilgileri ilan eder, marka belirtmez, devri <strong>gizlilik<\/strong> i\u00e7inde ger\u00e7ekle\u015ftirir.<\/p>\n\n\n\n<p>Faaliyette olan <strong>markal\u0131<\/strong> i\u015fletmeler, AVM lerde <strong>yeni<\/strong> a\u00e7\u0131lacak franchise i\u015fletmeler, <strong>bayi<\/strong> devirleri, <strong>bo\u015f<\/strong> d\u00fckkanlar\u0131, <strong>zincir<\/strong> devirleri de portf\u00f6y\u00fcm\u00fczde yer al\u0131r.<\/p>\n\n\n\n<p>Baz\u0131 i\u015fletmeler kar edemedi\u011fi ve edemeyece\u011fi i\u00e7in sahibi devreder. Yer yanl\u0131\u015ft\u0131r, i\u015f yanl\u0131\u015ft\u0131r, \u00fcr\u00fcn k\u00f6t\u00fcd\u00fcr, fiyat y\u00fcksektir, m\u00fc\u015fteri ka\u00e7m\u0131\u015ft\u0131r, vb. F&amp;M temsilcileri perakendeyi bilir, kar etme \u015fans\u0131 olmayan i\u015fletmeleri <strong>portf\u00f6y\u00fcne almaz. <\/strong>Buna kar\u015f\u0131n bo\u015f olarak hava paras\u0131yla devral\u0131n\u0131p <strong>ba\u015fka i\u015f<\/strong> yap\u0131lmas\u0131n\u0131 \u00f6nerebilir.<\/p>\n\n\n\n<p>Baz\u0131 i\u015fletmeler az veya \u00e7ok kar eder, ancak kazan\u00e7, i\u015fletmecinin becerisine, rakiplerin zay\u0131f olmas\u0131na, bah\u00e7e kullan\u0131m\u0131na izin verilmesine vb. ba\u011fl\u0131d\u0131r. F&amp;M temsilcileri kimin, hangi i\u015fi, hangi ko\u015fullarda, nas\u0131l y\u00f6netebilece\u011fi konusunda uzmand\u0131r. Devralmak isteyen giri\u015fimcinin kazanaca\u011f\u0131na inanmazsa yeri <strong>\u00f6nermez<\/strong>.<\/p>\n\n\n\n<p><strong><mark style=\"background-color:#3aff00\" class=\"has-inline-color has-primary-color\"><a href=\"http:\/\/www.devirsepeti.com\">DEVIRSEPETI.COM<\/a><\/mark><\/strong><\/p>\n","protected":false},"excerpt":{"rendered":"<p>Devir portf\u00f6y\u00fc Devir Sepeti, g\u00fcvenli \u015fekilde devren yer arayanlar ve yerini devretmek isteyenler i\u00e7in bulu\u015fma noktas\u0131d\u0131r. Burada sadece uzmanlar taraf\u0131ndan incelenmi\u015f ve ilan edilmeye uygun bulunmu\u015f f\u0131rsatlar yer al\u0131r. Devir Sepeti\u00b4nde tan\u0131nm\u0131\u015f markal\u0131 i\u015fletmeler ve bunlara uygun yerler listelenir. Zarar eden veya kar etmesi m\u00fcmk\u00fcn olmayanlara yer verilmez. Markal\u0131 i\u015fletmeler afi\u015fe olmak istemez, al\u0131c\u0131lar yak\u0131n<\/p>\n","protected":false},"author":1,"featured_media":0,"parent":10695,"menu_order":1,"comment_status":"closed","ping_status":"closed","template":"","meta":{"_acf_changed":false,"footnotes":""},"class_list":["post-11182","page","type-page","status-publish","hentry"],"acf":[],"_links":{"self":[{"href":"https:\/\/franchisemore.com\/index.php\/wp-json\/wp\/v2\/pages\/11182","targetHints":{"allow":["GET"]}}],"collection":[{"href":"https:\/\/franchisemore.com\/index.php\/wp-json\/wp\/v2\/pages"}],"about":[{"href":"https:\/\/franchisemore.com\/index.php\/wp-json\/wp\/v2\/types\/page"}],"author":[{"embeddable":true,"href":"https:\/\/franchisemore.com\/index.php\/wp-json\/wp\/v2\/users\/1"}],"replies":[{"embeddable":true,"href":"https:\/\/franchisemore.com\/index.php\/wp-json\/wp\/v2\/comments?post=11182"}],"version-history":[{"count":4,"href":"https:\/\/franchisemore.com\/index.php\/wp-json\/wp\/v2\/pages\/11182\/revisions"}],"predecessor-version":[{"id":11241,"href":"https:\/\/franchisemore.com\/index.php\/wp-json\/wp\/v2\/pages\/11182\/revisions\/11241"}],"up":[{"embeddable":true,"href":"https:\/\/franchisemore.com\/index.php\/wp-json\/wp\/v2\/pages\/10695"}],"wp:attachment":[{"href":"https:\/\/franchisemore.com\/index.php\/wp-json\/wp\/v2\/media?parent=11182"}],"curies":[{"name":"wp","href":"https:\/\/api.w.org\/{rel}","templated":true}]}}