{"id":11125,"date":"2025-02-02T19:37:02","date_gmt":"2025-02-02T19:37:02","guid":{"rendered":"https:\/\/franchisemore.com\/?page_id=11125"},"modified":"2025-02-02T19:39:02","modified_gmt":"2025-02-02T19:39:02","slug":"para-dergisi-2023-11-26-buyumeyi-yonetmek","status":"publish","type":"page","link":"https:\/\/franchisemore.com\/index.php\/hakkimizda\/basinda-fm\/para-dergisi-2023-11-26-buyumeyi-yonetmek\/","title":{"rendered":"Para dergisi 2023-11-26 B\u00fcy\u00fcmeyi y\u00f6netmek"},"content":{"rendered":"\n<figure class=\"wp-block-image size-full\"><img fetchpriority=\"high\" decoding=\"async\" width=\"800\" height=\"800\" src=\"https:\/\/franchisemore.com\/wp-content\/uploads\/2025\/02\/2023-11-26-buyumeyi-yonetmek-kapakb.jpg\" alt=\"\" class=\"wp-image-11126\" srcset=\"https:\/\/franchisemore.com\/wp-content\/uploads\/2025\/02\/2023-11-26-buyumeyi-yonetmek-kapakb.jpg 800w, https:\/\/franchisemore.com\/wp-content\/uploads\/2025\/02\/2023-11-26-buyumeyi-yonetmek-kapakb-300x300.jpg 300w, https:\/\/franchisemore.com\/wp-content\/uploads\/2025\/02\/2023-11-26-buyumeyi-yonetmek-kapakb-150x150.jpg 150w, https:\/\/franchisemore.com\/wp-content\/uploads\/2025\/02\/2023-11-26-buyumeyi-yonetmek-kapakb-768x768.jpg 768w, https:\/\/franchisemore.com\/wp-content\/uploads\/2025\/02\/2023-11-26-buyumeyi-yonetmek-kapakb-120x120.jpg 120w\" sizes=\"(max-width: 800px) 100vw, 800px\" \/><\/figure>\n\n\n\n<figure class=\"wp-block-image size-large\"><img decoding=\"async\" width=\"734\" height=\"1024\" src=\"https:\/\/franchisemore.com\/wp-content\/uploads\/2025\/02\/2023-11-26-buyumeyi-yonetmek-1-734x1024.jpg\" alt=\"\" class=\"wp-image-11127\" srcset=\"https:\/\/franchisemore.com\/wp-content\/uploads\/2025\/02\/2023-11-26-buyumeyi-yonetmek-1-734x1024.jpg 734w, https:\/\/franchisemore.com\/wp-content\/uploads\/2025\/02\/2023-11-26-buyumeyi-yonetmek-1-215x300.jpg 215w, https:\/\/franchisemore.com\/wp-content\/uploads\/2025\/02\/2023-11-26-buyumeyi-yonetmek-1-768x1072.jpg 768w, https:\/\/franchisemore.com\/wp-content\/uploads\/2025\/02\/2023-11-26-buyumeyi-yonetmek-1-1101x1536.jpg 1101w, https:\/\/franchisemore.com\/wp-content\/uploads\/2025\/02\/2023-11-26-buyumeyi-yonetmek-1.jpg 1465w\" sizes=\"(max-width: 734px) 100vw, 734px\" \/><\/figure>\n\n\n\n<figure class=\"wp-block-image size-large\"><img decoding=\"async\" width=\"749\" height=\"1024\" src=\"https:\/\/franchisemore.com\/wp-content\/uploads\/2025\/02\/2023-11-26-buyumeyi-yonetmek-2-749x1024.jpg\" alt=\"\" class=\"wp-image-11128\" srcset=\"https:\/\/franchisemore.com\/wp-content\/uploads\/2025\/02\/2023-11-26-buyumeyi-yonetmek-2-749x1024.jpg 749w, https:\/\/franchisemore.com\/wp-content\/uploads\/2025\/02\/2023-11-26-buyumeyi-yonetmek-2-219x300.jpg 219w, https:\/\/franchisemore.com\/wp-content\/uploads\/2025\/02\/2023-11-26-buyumeyi-yonetmek-2-768x1051.jpg 768w, https:\/\/franchisemore.com\/wp-content\/uploads\/2025\/02\/2023-11-26-buyumeyi-yonetmek-2-1123x1536.jpg 1123w, https:\/\/franchisemore.com\/wp-content\/uploads\/2025\/02\/2023-11-26-buyumeyi-yonetmek-2.jpg 1476w\" sizes=\"(max-width: 749px) 100vw, 749px\" \/><\/figure>\n","protected":false},"excerpt":{"rendered":"","protected":false},"author":1,"featured_media":0,"parent":10645,"menu_order":0,"comment_status":"closed","ping_status":"closed","template":"","meta":{"_acf_changed":false,"footnotes":""},"class_list":["post-11125","page","type-page","status-publish","hentry"],"acf":[],"_links":{"self":[{"href":"https:\/\/franchisemore.com\/index.php\/wp-json\/wp\/v2\/pages\/11125","targetHints":{"allow":["GET"]}}],"collection":[{"href":"https:\/\/franchisemore.com\/index.php\/wp-json\/wp\/v2\/pages"}],"about":[{"href":"https:\/\/franchisemore.com\/index.php\/wp-json\/wp\/v2\/types\/page"}],"author":[{"embeddable":true,"href":"https:\/\/franchisemore.com\/index.php\/wp-json\/wp\/v2\/users\/1"}],"replies":[{"embeddable":true,"href":"https:\/\/franchisemore.com\/index.php\/wp-json\/wp\/v2\/comments?post=11125"}],"version-history":[{"count":1,"href":"https:\/\/franchisemore.com\/index.php\/wp-json\/wp\/v2\/pages\/11125\/revisions"}],"predecessor-version":[{"id":11129,"href":"https:\/\/franchisemore.com\/index.php\/wp-json\/wp\/v2\/pages\/11125\/revisions\/11129"}],"up":[{"embeddable":true,"href":"https:\/\/franchisemore.com\/index.php\/wp-json\/wp\/v2\/pages\/10645"}],"wp:attachment":[{"href":"https:\/\/franchisemore.com\/index.php\/wp-json\/wp\/v2\/media?parent=11125"}],"curies":[{"name":"wp","href":"https:\/\/api.w.org\/{rel}","templated":true}]}}