{"id":10699,"date":"2025-02-01T22:50:17","date_gmt":"2025-02-01T22:50:17","guid":{"rendered":"https:\/\/franchisemore.com\/?page_id=10699"},"modified":"2025-02-02T19:19:15","modified_gmt":"2025-02-02T19:19:15","slug":"egitimler","status":"publish","type":"page","link":"https:\/\/franchisemore.com\/index.php\/egitimler\/","title":{"rendered":"E\u011e\u0130T\u0130MLER"},"content":{"rendered":"\n<p><strong>FRANCHISE E\u011e\u0130T\u0130MLER\u0130<\/strong><\/p>\n\n\n\n<p>F&amp;M 1996\u2019dan bu yana franchise alanlara ve verenlere y\u00fczy\u00fcze ve online e\u011fitim veriyor.<\/p>\n\n\n\n<p><strong>Franchise Akademisi<\/strong><\/p>\n\n\n\n<p>UFRAD ad\u0131na verilen e\u011fitimler, \u0130stanbul Ayd\u0131n \u00dcniversitesinde, F&amp;M y\u00f6netiminde s\u00fcr\u00fcyor. Sekt\u00f6rden uzmanlar ve akademisyenler e\u011fitimci olarak kat\u0131l\u0131yor.<\/p>\n\n\n\n<p><strong>Franchise veren e\u011fitimi<\/strong><\/p>\n\n\n\n<p>Franchise verenlere y\u00f6nelik e\u011fitimlerde strateji, y\u00f6netim, operasyon, pazarlama, sat\u0131\u015f, yer se\u00e7imi, hukuk gibi konular i\u015fleniyor, franchise sisteminin ba\u015far\u0131l\u0131 \u00e7al\u0131\u015ft\u0131r\u0131lmas\u0131na y\u00f6nelik teorik ve pratik bilgiler veriliyor.<\/p>\n\n\n\n<p><strong>Francise alan e\u011fitimi<\/strong><\/p>\n\n\n\n<p>Franchise alanlara y\u00f6nelik e\u011fitimlerde kendine uygun i\u015f se\u00e7imi, sekt\u00f6r ve marka se\u00e7imi, yer se\u00e7imi, anla\u015fma pazarl\u0131\u011f\u0131 gibi konularda pratik bilgiler veriliyor.<\/p>\n\n\n\n<p><strong>Yurtd\u0131\u015f\u0131 operasyon e\u011fitimi<\/strong><\/p>\n\n\n\n<p>D\u00fcnyaya a\u00e7\u0131lan yiyecek i\u00e7ecek i\u015fletmeleri i\u00e7in, e\u011fitim alacak kuruma \u00f6zel d\u00fczenlenen teorik e\u011fitimler, istenilen dile \u00e7evrilerek, online veriliyor. Zincirin vermesi gereken pratik e\u011fitimler kurgulan\u0131yor.<\/p>\n\n\n\n<ul class=\"wp-block-list\">\n<li><strong>Y\u00f6netici e\u011fitimi<\/strong> liderlik, karl\u0131l\u0131k, pazarlama gibi konular\u0131 i\u00e7eriyor.<\/li>\n\n\n\n<li><strong>Ekip e\u011fitimi<\/strong> i\u015fyeri kurallar\u0131, ilkeleri, m\u00fc\u015fteri ileti\u015fimi, sat\u0131\u015f art\u0131rma, g\u00fcvenlik, temizlik gibi konular\u0131 i\u00e7eriyor.<\/li>\n<\/ul>\n","protected":false},"excerpt":{"rendered":"<p>FRANCHISE E\u011e\u0130T\u0130MLER\u0130 F&amp;M 1996\u2019dan bu yana franchise alanlara ve verenlere y\u00fczy\u00fcze ve online e\u011fitim veriyor. Franchise Akademisi UFRAD ad\u0131na verilen e\u011fitimler, \u0130stanbul Ayd\u0131n \u00dcniversitesinde, F&amp;M y\u00f6netiminde s\u00fcr\u00fcyor. Sekt\u00f6rden uzmanlar ve akademisyenler e\u011fitimci olarak kat\u0131l\u0131yor. Franchise veren e\u011fitimi Franchise verenlere y\u00f6nelik e\u011fitimlerde strateji, y\u00f6netim, operasyon, pazarlama, sat\u0131\u015f, yer se\u00e7imi, hukuk gibi konular i\u015fleniyor, franchise sisteminin ba\u015far\u0131l\u0131<\/p>\n","protected":false},"author":1,"featured_media":0,"parent":0,"menu_order":5,"comment_status":"closed","ping_status":"closed","template":"","meta":{"_acf_changed":false,"footnotes":""},"class_list":["post-10699","page","type-page","status-publish","hentry"],"acf":[],"_links":{"self":[{"href":"https:\/\/franchisemore.com\/index.php\/wp-json\/wp\/v2\/pages\/10699","targetHints":{"allow":["GET"]}}],"collection":[{"href":"https:\/\/franchisemore.com\/index.php\/wp-json\/wp\/v2\/pages"}],"about":[{"href":"https:\/\/franchisemore.com\/index.php\/wp-json\/wp\/v2\/types\/page"}],"author":[{"embeddable":true,"href":"https:\/\/franchisemore.com\/index.php\/wp-json\/wp\/v2\/users\/1"}],"replies":[{"embeddable":true,"href":"https:\/\/franchisemore.com\/index.php\/wp-json\/wp\/v2\/comments?post=10699"}],"version-history":[{"count":2,"href":"https:\/\/franchisemore.com\/index.php\/wp-json\/wp\/v2\/pages\/10699\/revisions"}],"predecessor-version":[{"id":11117,"href":"https:\/\/franchisemore.com\/index.php\/wp-json\/wp\/v2\/pages\/10699\/revisions\/11117"}],"wp:attachment":[{"href":"https:\/\/franchisemore.com\/index.php\/wp-json\/wp\/v2\/media?parent=10699"}],"curies":[{"name":"wp","href":"https:\/\/api.w.org\/{rel}","templated":true}]}}