{"id":10695,"date":"2025-02-01T22:42:23","date_gmt":"2025-02-01T22:42:23","guid":{"rendered":"https:\/\/franchisemore.com\/?page_id=10695"},"modified":"2025-02-06T22:26:38","modified_gmt":"2025-02-06T19:26:38","slug":"devirler","status":"publish","type":"page","link":"https:\/\/franchisemore.com\/index.php\/devirler\/","title":{"rendered":"DEV\u0130RLER"},"content":{"rendered":"\n<p><strong>G\u00dcVENL\u0130 DEV\u0130R NASIL OLUR<\/strong><\/p>\n\n\n\n<p><strong>Markal\u0131 i\u015f devri<\/strong><\/p>\n\n\n\n<p>F&amp;M devir portf\u00f6y\u00fcnde karl\u0131 \u00e7al\u0131\u015fan ve devredilen <strong>markal\u0131 i\u015fler<\/strong>, <strong>bo\u015f d\u00fckkanlar<\/strong> ve <strong>franchise zincirleri<\/strong> yer al\u0131r. F&amp;M uzmanlar\u0131 devreden yerleri denetler, devralana bilgi verir.<\/p>\n\n\n\n<p>Devir i\u015flemleri F&amp;M g\u00fcvencesinde y\u00fcr\u00fcr. Devreden ciro, kira, kar bilgilerini verir, devralanla bedel \u00fczerinde anla\u015f\u0131r, devralan F&amp;M ye kaparo verir, i\u015fletmeyi inceler, verilen bilgiler do\u011fruysa bedelini \u00f6der devral\u0131r, de\u011filse vazge\u00e7er kaparosunu geri al\u0131r.<\/p>\n\n\n\n<p>Belirsizlik yok, tats\u0131z s\u00fcrpriz yok, g\u00fcvenli devir i\u00e7in F&amp;M ye gelin, haz\u0131r, \u00e7al\u0131\u015fan, kazanan i\u015fin sahibi olun.<\/p>\n\n\n\n<p><strong>Devirsepeti.com<\/strong><\/p>\n\n\n\n<p><\/p>\n","protected":false},"excerpt":{"rendered":"<p>G\u00dcVENL\u0130 DEV\u0130R NASIL OLUR Markal\u0131 i\u015f devri F&amp;M devir portf\u00f6y\u00fcnde karl\u0131 \u00e7al\u0131\u015fan ve devredilen markal\u0131 i\u015fler, bo\u015f d\u00fckkanlar ve franchise zincirleri yer al\u0131r. F&amp;M uzmanlar\u0131 devreden yerleri denetler, devralana bilgi verir. Devir i\u015flemleri F&amp;M g\u00fcvencesinde y\u00fcr\u00fcr. Devreden ciro, kira, kar bilgilerini verir, devralanla bedel \u00fczerinde anla\u015f\u0131r, devralan F&amp;M ye kaparo verir, i\u015fletmeyi inceler, verilen bilgiler<\/p>\n","protected":false},"author":1,"featured_media":0,"parent":0,"menu_order":4,"comment_status":"closed","ping_status":"closed","template":"","meta":{"_acf_changed":false,"footnotes":""},"class_list":["post-10695","page","type-page","status-publish","hentry"],"acf":[],"_links":{"self":[{"href":"https:\/\/franchisemore.com\/index.php\/wp-json\/wp\/v2\/pages\/10695","targetHints":{"allow":["GET"]}}],"collection":[{"href":"https:\/\/franchisemore.com\/index.php\/wp-json\/wp\/v2\/pages"}],"about":[{"href":"https:\/\/franchisemore.com\/index.php\/wp-json\/wp\/v2\/types\/page"}],"author":[{"embeddable":true,"href":"https:\/\/franchisemore.com\/index.php\/wp-json\/wp\/v2\/users\/1"}],"replies":[{"embeddable":true,"href":"https:\/\/franchisemore.com\/index.php\/wp-json\/wp\/v2\/comments?post=10695"}],"version-history":[{"count":2,"href":"https:\/\/franchisemore.com\/index.php\/wp-json\/wp\/v2\/pages\/10695\/revisions"}],"predecessor-version":[{"id":11113,"href":"https:\/\/franchisemore.com\/index.php\/wp-json\/wp\/v2\/pages\/10695\/revisions\/11113"}],"wp:attachment":[{"href":"https:\/\/franchisemore.com\/index.php\/wp-json\/wp\/v2\/media?parent=10695"}],"curies":[{"name":"wp","href":"https:\/\/api.w.org\/{rel}","templated":true}]}}