{"id":10693,"date":"2025-02-01T22:39:26","date_gmt":"2025-02-01T22:39:26","guid":{"rendered":"https:\/\/franchisemore.com\/?page_id=10693"},"modified":"2025-02-02T19:05:10","modified_gmt":"2025-02-02T19:05:10","slug":"isletme-koclugu","status":"publish","type":"page","link":"https:\/\/franchisemore.com\/index.php\/franchise-alanlara\/isletme-koclugu\/","title":{"rendered":"\u0130\u015fletme ko\u00e7lu\u011fu"},"content":{"rendered":"\n<p><strong>\u0130\u015eLETME KO\u00c7LU\u011eU<\/strong><\/p>\n\n\n\n<p>Giri\u015fimci ba\u015flang\u0131\u00e7ta veya sorun ya\u015fad\u0131\u011f\u0131nda F&amp;M den destek alabilir \u0130\u015fletme ko\u00e7u, giri\u015fimcinin alan\u0131nda uzman bir F&amp;M temsilcisidir. \u0130\u015fletme Ko\u00e7u F&amp;M tekniklerini kullanarak sorunlar\u0131 te\u015fhis eder. Franchise tekniklerini kullanarak kal\u0131c\u0131 \u00e7\u00f6z\u00fcmler getirir. \u0130\u015fletmenin sistemli \u00e7al\u0131\u015fmas\u0131n\u0131 sa\u011flar.<\/p>\n\n\n\n<p>F&amp;M franchise verenler i\u00e7in i\u015fletme sistemleri kurar, el kitaplar\u0131 yazar. \u0130\u015fletme ko\u00e7lu\u011fu ile i\u015fletmecilere de sistemli \u00e7al\u0131\u015fma olana\u011f\u0131 sunuyoruz. \u0130\u015fletme ve y\u00f6netim tekniklerini geli\u015ftiriyoruz, sistemli \u00e7al\u0131\u015ft\u0131r\u0131yoruz. \u0130\u015fletme formlar\u0131n\u0131 ve raporlar\u0131 olu\u015fturuyoruz, ancak el kitab\u0131n\u0131 yazm\u0131yoruz. Verilecek deste\u011fin kapsam\u0131n\u0131 i\u015fletme sahibi se\u00e7iyor, biz uyguluyoruz.<\/p>\n\n\n\n<p>\u0130\u015fletme teknikleri<\/p>\n\n\n\n<ul class=\"wp-block-list\">\n<li>\u0130\u015fletmede verim art\u0131rma<\/li>\n\n\n\n<li>Pazarlama ve sat\u0131\u015f art\u0131rma<\/li>\n\n\n\n<li>Paket servis kurma ve y\u00f6netme<\/li>\n\n\n\n<li>Personel se\u00e7me ve y\u00f6netme<\/li>\n\n\n\n<li>E\u011fitim ve oryantasyon plan\u0131<\/li>\n\n\n\n<li>Tedarik\u00e7i se\u00e7me ve y\u00f6netme<\/li>\n\n\n\n<li>Denetim ve raporlama<\/li>\n<\/ul>\n\n\n\n<p>Y\u00f6netim teknikleri<\/p>\n\n\n\n<ul class=\"wp-block-list\">\n<li>Maliyet hesaplama ve masraf azaltma<\/li>\n\n\n\n<li>Sat\u0131\u015f ve bilgilerin kayd\u0131, dosyalama<\/li>\n\n\n\n<li>Bina ve ekipman kullan\u0131m\u0131<\/li>\n\n\n\n<li>Nakit ak\u0131\u015f\u0131, kredi, tahsilat ve \u00f6deme<\/li>\n\n\n\n<li>Yasal y\u00fck\u00fcml\u00fcl\u00fckler<\/li>\n\n\n\n<li>\u0130\u015fletme riskleri, g\u00fcvenlik ve sigorta<\/li>\n\n\n\n<li>\u0130\u015fletme ruhsat ve belgeleri<\/li>\n<\/ul>\n\n\n\n<p>\u0130\u015fletme ko\u00e7lu\u011fu 3-6 ayl\u0131k bir s\u00fcreyle verilir. Yap\u0131lacak i\u015fin s\u00fcresi ve kapsam\u0131 ba\u015ftan belirlenir. Giri\u015fimci i\u015fletme ko\u00e7unu tan\u0131r, sonra \u00e7al\u0131\u015f\u0131r. \u0130\u015fletme ko\u00e7u haftal\u0131k ziyaretlerle destek verir. \u0130\u015fletme ko\u00e7u ayl\u0131k sabit \u00fccret al\u0131r. Ko\u00e7luk s\u00fcresi bitiminde sa\u011flanan art\u0131\u015fa g\u00f6re prim al\u0131r.<\/p>\n","protected":false},"excerpt":{"rendered":"<p>\u0130\u015eLETME KO\u00c7LU\u011eU Giri\u015fimci ba\u015flang\u0131\u00e7ta veya sorun ya\u015fad\u0131\u011f\u0131nda F&amp;M den destek alabilir \u0130\u015fletme ko\u00e7u, giri\u015fimcinin alan\u0131nda uzman bir F&amp;M temsilcisidir. \u0130\u015fletme Ko\u00e7u F&amp;M tekniklerini kullanarak sorunlar\u0131 te\u015fhis eder. Franchise tekniklerini kullanarak kal\u0131c\u0131 \u00e7\u00f6z\u00fcmler getirir. \u0130\u015fletmenin sistemli \u00e7al\u0131\u015fmas\u0131n\u0131 sa\u011flar. F&amp;M franchise verenler i\u00e7in i\u015fletme sistemleri kurar, el kitaplar\u0131 yazar. \u0130\u015fletme ko\u00e7lu\u011fu ile i\u015fletmecilere de sistemli \u00e7al\u0131\u015fma olana\u011f\u0131<\/p>\n","protected":false},"author":1,"featured_media":0,"parent":10674,"menu_order":5,"comment_status":"closed","ping_status":"closed","template":"","meta":{"_acf_changed":false,"footnotes":""},"class_list":["post-10693","page","type-page","status-publish","hentry"],"acf":[],"_links":{"self":[{"href":"https:\/\/franchisemore.com\/index.php\/wp-json\/wp\/v2\/pages\/10693","targetHints":{"allow":["GET"]}}],"collection":[{"href":"https:\/\/franchisemore.com\/index.php\/wp-json\/wp\/v2\/pages"}],"about":[{"href":"https:\/\/franchisemore.com\/index.php\/wp-json\/wp\/v2\/types\/page"}],"author":[{"embeddable":true,"href":"https:\/\/franchisemore.com\/index.php\/wp-json\/wp\/v2\/users\/1"}],"replies":[{"embeddable":true,"href":"https:\/\/franchisemore.com\/index.php\/wp-json\/wp\/v2\/comments?post=10693"}],"version-history":[{"count":2,"href":"https:\/\/franchisemore.com\/index.php\/wp-json\/wp\/v2\/pages\/10693\/revisions"}],"predecessor-version":[{"id":11111,"href":"https:\/\/franchisemore.com\/index.php\/wp-json\/wp\/v2\/pages\/10693\/revisions\/11111"}],"up":[{"embeddable":true,"href":"https:\/\/franchisemore.com\/index.php\/wp-json\/wp\/v2\/pages\/10674"}],"wp:attachment":[{"href":"https:\/\/franchisemore.com\/index.php\/wp-json\/wp\/v2\/media?parent=10693"}],"curies":[{"name":"wp","href":"https:\/\/api.w.org\/{rel}","templated":true}]}}