{"id":10689,"date":"2025-02-01T22:37:02","date_gmt":"2025-02-01T22:37:02","guid":{"rendered":"https:\/\/franchisemore.com\/?page_id=10689"},"modified":"2025-02-02T18:59:46","modified_gmt":"2025-02-02T18:59:46","slug":"yaniti-olmayan-sorular","status":"publish","type":"page","link":"https:\/\/franchisemore.com\/index.php\/franchise-alanlara\/batmamak-icin-ne-yapmali\/yaniti-olmayan-sorular\/","title":{"rendered":"Yan\u0131t\u0131 olmayan sorular"},"content":{"rendered":"\n<p><strong>YANITI OLMAYAN SORULAR<\/strong> <\/p>\n\n\n\n<p>Her giri\u015fimcinin ko\u015fullar\u0131 kendine \u00f6zeldir, giri\u015fimcilik konusunda genelleme yap\u0131lamaz. Her i\u015f bir giri\u015fimciye kazand\u0131r\u0131rken, bir ba\u015fkas\u0131na kaybettirebilir. F&amp;M olarak diyoruz ki, \u201cherkes her i\u015fi yapamaz ama, herkese yapaca\u011f\u0131 bir i\u015f buluruz\u201d. Bu yakla\u015f\u0131m\u0131m\u0131zdan \u00f6t\u00fcr\u00fc sitemizde \u201cs\u0131k sorulan sorular\u201d diye bir b\u00f6l\u00fcm yok. Buna kar\u015f\u0131n \u201cyan\u0131t\u0131 olmayan sorular\u201d b\u00f6l\u00fcm\u00fc var.<\/p>\n\n\n\n<p><strong><u>Param var ne yapay\u0131m<\/u><\/strong>?<\/p>\n\n\n\n<p>Kald\u0131ramayaca\u011f\u0131 riski alan, hemen de\u011filse bile, bir s\u00fcre sonra risk ger\u00e7ekle\u015fti\u011finde batar. \u0130\u015f kumar olmamal\u0131, giri\u015fimciyi tan\u0131madan bu soruya verilecek tek yan\u0131t <em>\u201c<strong>bankaya yat\u0131r<\/strong>\u201d<\/em> olabilir.<\/p>\n\n\n\n<p><strong><u>Yerim var ne yapay\u0131m<\/u><\/strong>?<\/p>\n\n\n\n<p>Alt\u0131ndan kalkamayaca\u011f\u0131 i\u015fe giren zarar eder. Kiray\u0131 \u00e7\u0131karamazsa kardan zarar eder. Giri\u015fimciyi tan\u0131madan bu soruya verilecek tek yan\u0131t <em>\u201c<strong>kiraya ver<\/strong>\u201d<\/em> olabilir<strong>.<br><br><u>Hangi marka kazand\u0131r\u0131r<\/u><\/strong>?<\/p>\n\n\n\n<p>Her i\u015f herkese kazand\u0131rmad\u0131\u011f\u0131 gibi, her franchise markas\u0131 da garanti kazan\u00e7 sa\u011flamaz. Giri\u015fimciyi tan\u0131madan, ne yapabilece\u011fini anlamadan, <em><strong>hi\u00e7bir markay\u0131<\/strong> <\/em>\u00f6nermeyiz.<\/p>\n\n\n\n<p><strong><u>Hangi AVM kazand\u0131r\u0131r<\/u><\/strong>?<\/p>\n\n\n\n<p>Her AVM\u2019de \u00e7ok kazanan da var, bat\u0131p \u00e7\u0131kan da var. G\u00fc\u00e7l\u00fc AVM\u2019de kira y\u00fcksek, rekabet sert, m\u00fc\u015fteri se\u00e7ici, yeterince iyi olmayan kapat\u0131p gidiyor, zarar\u0131 b\u00fcy\u00fck oluyor. Zay\u0131f AVM\u2019de kira d\u00fc\u015f\u00fck, rekabet zay\u0131f, en iyi olan iyi para kazan\u0131yor. Giri\u015fimciyi tan\u0131madan, AVM\u2019nin potansiyelini, i\u00e7erdeki rekabeti g\u00f6rmeden, se\u00e7ece\u011fi markay\u0131 bilmeden, <strong><em>hi\u00e7bir AVM\u2019yi<\/em><\/strong> \u00f6nermeyiz.<\/p>\n\n\n\n<p><strong><u>\u0130\u015fimi ka\u00e7a devrederim<\/u><\/strong>?<\/p>\n\n\n\n<p>Devir bedeli kara ba\u011fl\u0131d\u0131r, i\u015fin birka\u00e7 y\u0131ll\u0131k kar\u0131 al\u0131n\u0131r. Marka g\u00fc\u00e7l\u00fc, yer iyi, ekonomi istikrarl\u0131ysa perakende i\u00e7in 5-6 y\u0131ll\u0131k kar\u0131 kadar eder. Marka zay\u0131f, i\u015f zor, enflasyon y\u00fcksekse 1-2 y\u0131ll\u0131k kar\u0131n\u0131 zor al\u0131r. \u0130\u015fi incelemeden <strong><em>hi\u00e7bir i\u015fletmeye<\/em><\/strong> de\u011fer bi\u00e7meyiz.\u00a0<\/p>\n\n\n\n<p>Slogan\u0131m\u0131z <em>&#8220;<strong>paran varsa bankaya, yerin varsa kiraya, giri\u015fimciysen F&amp;M\u2019ye<\/strong>&#8220;<\/em><\/p>\n\n\n\n<p><\/p>\n","protected":false},"excerpt":{"rendered":"<p>YANITI OLMAYAN SORULAR Her giri\u015fimcinin ko\u015fullar\u0131 kendine \u00f6zeldir, giri\u015fimcilik konusunda genelleme yap\u0131lamaz. Her i\u015f bir giri\u015fimciye kazand\u0131r\u0131rken, bir ba\u015fkas\u0131na kaybettirebilir. F&amp;M olarak diyoruz ki, \u201cherkes her i\u015fi yapamaz ama, herkese yapaca\u011f\u0131 bir i\u015f buluruz\u201d. Bu yakla\u015f\u0131m\u0131m\u0131zdan \u00f6t\u00fcr\u00fc sitemizde \u201cs\u0131k sorulan sorular\u201d diye bir b\u00f6l\u00fcm yok. Buna kar\u015f\u0131n \u201cyan\u0131t\u0131 olmayan sorular\u201d b\u00f6l\u00fcm\u00fc var. Param var ne<\/p>\n","protected":false},"author":1,"featured_media":0,"parent":10687,"menu_order":1,"comment_status":"closed","ping_status":"closed","template":"","meta":{"_acf_changed":false,"footnotes":""},"class_list":["post-10689","page","type-page","status-publish","hentry"],"acf":[],"_links":{"self":[{"href":"https:\/\/franchisemore.com\/index.php\/wp-json\/wp\/v2\/pages\/10689","targetHints":{"allow":["GET"]}}],"collection":[{"href":"https:\/\/franchisemore.com\/index.php\/wp-json\/wp\/v2\/pages"}],"about":[{"href":"https:\/\/franchisemore.com\/index.php\/wp-json\/wp\/v2\/types\/page"}],"author":[{"embeddable":true,"href":"https:\/\/franchisemore.com\/index.php\/wp-json\/wp\/v2\/users\/1"}],"replies":[{"embeddable":true,"href":"https:\/\/franchisemore.com\/index.php\/wp-json\/wp\/v2\/comments?post=10689"}],"version-history":[{"count":2,"href":"https:\/\/franchisemore.com\/index.php\/wp-json\/wp\/v2\/pages\/10689\/revisions"}],"predecessor-version":[{"id":11107,"href":"https:\/\/franchisemore.com\/index.php\/wp-json\/wp\/v2\/pages\/10689\/revisions\/11107"}],"up":[{"embeddable":true,"href":"https:\/\/franchisemore.com\/index.php\/wp-json\/wp\/v2\/pages\/10687"}],"wp:attachment":[{"href":"https:\/\/franchisemore.com\/index.php\/wp-json\/wp\/v2\/media?parent=10689"}],"curies":[{"name":"wp","href":"https:\/\/api.w.org\/{rel}","templated":true}]}}