{"id":10687,"date":"2025-02-01T22:35:23","date_gmt":"2025-02-01T22:35:23","guid":{"rendered":"https:\/\/franchisemore.com\/?page_id=10687"},"modified":"2025-02-02T18:57:07","modified_gmt":"2025-02-02T18:57:07","slug":"batmamak-icin-ne-yapmali","status":"publish","type":"page","link":"https:\/\/franchisemore.com\/index.php\/franchise-alanlara\/batmamak-icin-ne-yapmali\/","title":{"rendered":"Batmamak i\u00e7in ne yapmal\u0131"},"content":{"rendered":"\n<p><\/p>\n\n\n\n<p>T\u00fcm d\u00fcnyada k\u00fc\u00e7\u00fck i\u015fletmelerin ilk be\u015f y\u0131lda yakla\u015f\u0131k yar\u0131s\u0131 bat\u0131yor. Franchise alanlarda bu oran %90 azal\u0131yor. Batmak adeta meslek hastal\u0131\u011f\u0131 gibi. Kim neden batar, giri\u015fimci buna nas\u0131l engel olabilir, bakal\u0131m.<\/p>\n\n\n\n<ul class=\"wp-block-list\">\n<li>Giri\u015fimci i\u015f kurma hevesine kap\u0131l\u0131nca, i\u015f fikrine a\u015f\u0131k olur, g\u00f6z\u00fc riskleri g\u00f6rmez. En b\u00fcy\u00fck risk kendisi, ki\u015fili\u011fine uygun i\u015fi se\u00e7meyen bocal\u0131yor, yoruluyor, bat\u0131yor.<\/li>\n\n\n\n<li>D\u00fcnya h\u0131zla de\u011fi\u015fiyor, i\u015fler farkl\u0131la\u015f\u0131yor, eskiden kazand\u0131ran i\u015fler art\u0131k kazand\u0131rm\u0131yor. Giri\u015fimcinin iki se\u00e7ene\u011fi var, ya bildi\u011fi i\u015fi s\u00fcrd\u00fcrecek, veya yeni ve kazan\u00e7l\u0131 bir i\u015f bulup onu yapacak.<\/li>\n\n\n\n<li>Batmak giri\u015fimcinin meslek hastal\u0131\u011f\u0131 ise, giri\u015fimcilerin hasta oldu\u011funda nas\u0131l davrand\u0131\u011f\u0131na bakal\u0131m.<\/li>\n\n\n\n<li><strong>\u00d6zg\u00fcvenli<\/strong> hasta doktora gitmez, hastal\u0131\u011f\u0131 ayakta ge\u00e7irir. <strong>Tedbirli<\/strong> hasta doktora gider, ilac\u0131n\u0131 al\u0131r. <strong>Safdil<\/strong> hasta herkese inan\u0131r, \u00fcf\u00fcr\u00fck\u00e7\u00fcye gider.<\/li>\n\n\n\n<li>Giri\u015fimci hastayken nas\u0131l davran\u0131yorsa, i\u015f hayat\u0131nda da \u00f6yle davran\u0131r. \u00d6zg\u00fcvenli riskin \u00fcst\u00fcne gider, tedbirli riskten ka\u00e7\u0131n\u0131r, safdil riskin ta kendisidir.<\/li>\n\n\n\n<li>\u00d6zg\u00fcvenli \u015fansl\u0131ysa kazan\u0131r, tedbirli genelde kazan\u0131r, safdil genelde kaybeder.<\/li>\n\n\n\n<li>Giri\u015fimciler genelde iddial\u0131, inat\u00e7\u0131, sava\u015f\u00e7\u0131 karakterli insanlard\u0131r. \u00d6zg\u00fcvenli hasta gibi davrand\u0131klar\u0131 i\u00e7in batmak meslek hastal\u0131\u011f\u0131 olmu\u015ftur. Tedbirli giri\u015fimci franchise al\u0131r, batmaktan kurtulur.<\/li>\n<\/ul>\n\n\n\n<p>F&amp;M deneyimi ve piyasa bilgisiyle giri\u015fimcilere destek olur. Giri\u015fimciyi tan\u0131r, almas\u0131 gereken riski belirler, kendine uygun i\u015fleri \u00f6nerir, a\u015f\u0131r\u0131 risk almas\u0131n\u0131 \u00f6nler. F&amp;M \u201c<strong>\u00f6zg\u00fcvenli<\/strong>\u201d giri\u015fimciye franchise satar, \u201c<strong>tedbirli<\/strong>\u201d giri\u015fimciye ko\u00e7luk yapar, \u201c<strong>safdil<\/strong>\u201d giri\u015fimciye yat\u0131r\u0131m yapt\u0131rmaz.<\/p>\n\n\n\n<p>F&amp;M olarak franchise alan giri\u015fimcileri \u00fc\u00e7 kategoride g\u00f6r\u00fcr\u00fcz.<\/p>\n\n\n\n<figure class=\"wp-block-image size-full is-resized\"><img fetchpriority=\"high\" decoding=\"async\" width=\"638\" height=\"255\" src=\"https:\/\/franchisemore.com\/wp-content\/uploads\/2025\/02\/image-3.png\" alt=\"\" class=\"wp-image-11104\" style=\"width:238px;height:auto\" srcset=\"https:\/\/franchisemore.com\/wp-content\/uploads\/2025\/02\/image-3.png 638w, https:\/\/franchisemore.com\/wp-content\/uploads\/2025\/02\/image-3-300x120.png 300w\" sizes=\"(max-width: 638px) 100vw, 638px\" \/><\/figure>\n\n\n\n<ul class=\"wp-block-list\">\n<li><strong>Bilin\u00e7li<\/strong> giri\u015fimci ara\u015ft\u0131r\u0131r, dan\u0131\u015f\u0131r, kendini tan\u0131r, kazanaca\u011f\u0131ndan emin oldu\u011fu i\u015fe giri\u015fir. unca sava\u015fa girer, genelde kazan\u0131r<\/li>\n\n\n\n<li><strong>Zorunlu<\/strong> giri\u015fimci ara\u015ft\u0131rmaz, h\u0131zl\u0131 karar verir, ilk en iyiyi se\u00e7er, kazanc\u0131yla ge\u00e7inir. hemen i\u015fe koyulur. sava\u015fa at\u0131l\u0131r, \u015fansl\u0131ysa kazan\u0131r<\/li>\n\n\n\n<li><strong>Hevesli<\/strong> giri\u015fimci i\u015fi kolay san\u0131r, ara\u015ft\u0131rmaz, s\u00f6ylenen itibar eder. genelde kaybeder<\/li>\n\n\n\n<li>Bilin\u00e7li genelde kazan\u0131r, zorunlu \u015fansl\u0131ysa kazan\u0131r, hevesli genelde kaybeder.<\/li>\n<\/ul>\n\n\n\n<p>F&amp;M deneyimi ve \u00f6zg\u00fcn y\u00f6ntemleriyle giri\u015fimciyi tan\u0131r, <strong>bilin\u00e7linin<\/strong> ara\u015ft\u0131rmas\u0131n\u0131 destekler, franchise verir, <strong>zorunlunun<\/strong> h\u0131z\u0131na yeti\u015femez, <strong>hevesliye<\/strong> i\u015f kurmay\u0131 \u00f6nermez.<\/p>\n","protected":false},"excerpt":{"rendered":"<p>T\u00fcm d\u00fcnyada k\u00fc\u00e7\u00fck i\u015fletmelerin ilk be\u015f y\u0131lda yakla\u015f\u0131k yar\u0131s\u0131 bat\u0131yor. Franchise alanlarda bu oran %90 azal\u0131yor. Batmak adeta meslek hastal\u0131\u011f\u0131 gibi. Kim neden batar, giri\u015fimci buna nas\u0131l engel olabilir, bakal\u0131m. F&amp;M deneyimi ve piyasa bilgisiyle giri\u015fimcilere destek olur. Giri\u015fimciyi tan\u0131r, almas\u0131 gereken riski belirler, kendine uygun i\u015fleri \u00f6nerir, a\u015f\u0131r\u0131 risk almas\u0131n\u0131 \u00f6nler. F&amp;M \u201c\u00f6zg\u00fcvenli\u201d giri\u015fimciye<\/p>\n","protected":false},"author":1,"featured_media":0,"parent":10674,"menu_order":5,"comment_status":"closed","ping_status":"closed","template":"","meta":{"_acf_changed":false,"footnotes":""},"class_list":["post-10687","page","type-page","status-publish","hentry"],"acf":[],"_links":{"self":[{"href":"https:\/\/franchisemore.com\/index.php\/wp-json\/wp\/v2\/pages\/10687","targetHints":{"allow":["GET"]}}],"collection":[{"href":"https:\/\/franchisemore.com\/index.php\/wp-json\/wp\/v2\/pages"}],"about":[{"href":"https:\/\/franchisemore.com\/index.php\/wp-json\/wp\/v2\/types\/page"}],"author":[{"embeddable":true,"href":"https:\/\/franchisemore.com\/index.php\/wp-json\/wp\/v2\/users\/1"}],"replies":[{"embeddable":true,"href":"https:\/\/franchisemore.com\/index.php\/wp-json\/wp\/v2\/comments?post=10687"}],"version-history":[{"count":3,"href":"https:\/\/franchisemore.com\/index.php\/wp-json\/wp\/v2\/pages\/10687\/revisions"}],"predecessor-version":[{"id":11105,"href":"https:\/\/franchisemore.com\/index.php\/wp-json\/wp\/v2\/pages\/10687\/revisions\/11105"}],"up":[{"embeddable":true,"href":"https:\/\/franchisemore.com\/index.php\/wp-json\/wp\/v2\/pages\/10674"}],"wp:attachment":[{"href":"https:\/\/franchisemore.com\/index.php\/wp-json\/wp\/v2\/media?parent=10687"}],"curies":[{"name":"wp","href":"https:\/\/api.w.org\/{rel}","templated":true}]}}