{"id":10680,"date":"2025-02-01T22:23:07","date_gmt":"2025-02-01T22:23:07","guid":{"rendered":"https:\/\/franchisemore.com\/?page_id=10680"},"modified":"2025-02-02T18:47:38","modified_gmt":"2025-02-02T18:47:38","slug":"neye-dikkat-etmelisiniz","status":"publish","type":"page","link":"https:\/\/franchisemore.com\/index.php\/franchise-alanlara\/neye-dikkat-etmelisiniz\/","title":{"rendered":"Neye dikkat etmelisiniz"},"content":{"rendered":"\n<p><strong>FRANCHISE ALIRKEN NELERE D\u0130KKAT ETMEL\u0130S\u0130N\u0130Z<\/strong><\/p>\n\n\n\n<p>Franchise alan neyi, nas\u0131l ara\u015ft\u0131rmal\u0131<\/p>\n\n\n\n<p><strong>Giri\u015fimcilik<\/strong>: \u0130\u015ften maddi ve manevi beklentisi, ki\u015filik \u00f6zelliklerinin deneyiminin, becerisinin i\u015fe uyumu<\/p>\n\n\n\n<p><strong>Yat\u0131r\u0131mc\u0131l\u0131k<\/strong>: \u00d6zkaynaklar\u0131, kredi limiti, yat\u0131r\u0131m\u0131n geri d\u00f6n\u00fc\u015f s\u00fcresi, riskin alma kapasitesi<\/p>\n\n\n\n<p><strong>Marka<\/strong>: Tescili, bilinirli\u011fi, sayg\u0131nl\u0131\u011f\u0131, tan\u0131nd\u0131\u011f\u0131 \u00f6zellikler, sad\u0131k m\u00fc\u015fterileri<\/p>\n\n\n\n<p><strong>Zincir<\/strong>: Ge\u00e7mi\u015fi, nerelerde var, nerelerde ba\u015far\u0131l\u0131\/ba\u015far\u0131s\u0131z olmu\u015f, sahip ve y\u00f6neticileri, i\u00e7 rekabet, reklamlar\u0131<\/p>\n\n\n\n<p><strong>\u0130\u015fletmeler<\/strong>: Benzer b\u00f6lgelerdeki i\u015fletmelerin karl\u0131l\u0131\u011f\u0131, ka\u00e7\u0131 ve hangileri marka sahibinin<\/p>\n\n\n\n<p><strong>Yer<\/strong>: B\u00fcy\u00fckl\u00fck, g\u00f6r\u00fcn\u00fcrl\u00fck, tesisat, b\u00f6lge potansiyeli, ula\u015f\u0131m, kira, hava paras\u0131<\/p>\n\n\n\n<p><strong>\u00dcr\u00fcn\/hizmet<\/strong>: \u0130htiya\u00e7 m\u0131 l\u00fcks m\u00fc, rekabet g\u00fcc\u00fc, maliyeti ve fiyat\u0131<\/p>\n\n\n\n<p><strong>Firma<\/strong>: Muhatap firman\u0131n ge\u00e7mi\u015fi, s\u00fcren i\u015fleri, y\u00f6neticileri, kadrosu, kazanc\u0131, borcu, varl\u0131klar\u0131, itibar\u0131<\/p>\n\n\n\n<p><strong>Patron<\/strong>: Franchise veren firman\u0131n sahibi franchise alanlara kar\u015f\u0131 iyi niyetli mi, zincir y\u00f6netme becerisi var m\u0131<\/p>\n\n\n\n<p><strong>Bedel<\/strong>: Yat\u0131r\u0131m tutar\u0131, giri\u015f bedeli, royalite, ekipman, dekorasyon, tedarik ko\u015fullar\u0131 makul m\u00fc<\/p>\n\n\n\n<p><strong>Karl\u0131l\u0131k<\/strong>: Se\u00e7ilen b\u00f6lgeye benzeyen yerlerdeki i\u015fletmelerde ciro ve kar yeterli mi<\/p>\n\n\n\n<p><strong>Anla\u015fma<\/strong>: Yasalara uygunluk, korumal\u0131 b\u00f6lge, s\u00fcresi, yenileme ve fesih ko\u015fullar\u0131, yapt\u0131r\u0131mlar<\/p>\n\n\n\n<p><strong>Destek<\/strong>: El kitab\u0131, e\u011fitim program\u0131, d\u00fczeltici denetim, yetkin kadro, bayi memnuniyeti<\/p>\n\n\n\n<p><strong>Sunum<\/strong>: Yaz\u0131l\u0131 bilgi, abart\u0131s\u0131z tan\u0131t\u0131m, do\u011fru yat\u0131r\u0131m \u00f6ng\u00f6r\u00fcs\u00fc, \u00fcnl\u00fclerin tan\u0131tmas\u0131<\/p>\n\n\n\n<p><strong>Bilgi kaynaklar\u0131<\/strong>: Firma yetkilileri, i\u015fi bilen esnaf, di\u011fer bayiler, dan\u0131\u015fmanlar, UFRAD seminerleri<\/p>\n","protected":false},"excerpt":{"rendered":"<p>FRANCHISE ALIRKEN NELERE D\u0130KKAT ETMEL\u0130S\u0130N\u0130Z Franchise alan neyi, nas\u0131l ara\u015ft\u0131rmal\u0131 Giri\u015fimcilik: \u0130\u015ften maddi ve manevi beklentisi, ki\u015filik \u00f6zelliklerinin deneyiminin, becerisinin i\u015fe uyumu Yat\u0131r\u0131mc\u0131l\u0131k: \u00d6zkaynaklar\u0131, kredi limiti, yat\u0131r\u0131m\u0131n geri d\u00f6n\u00fc\u015f s\u00fcresi, riskin alma kapasitesi Marka: Tescili, bilinirli\u011fi, sayg\u0131nl\u0131\u011f\u0131, tan\u0131nd\u0131\u011f\u0131 \u00f6zellikler, sad\u0131k m\u00fc\u015fterileri Zincir: Ge\u00e7mi\u015fi, nerelerde var, nerelerde ba\u015far\u0131l\u0131\/ba\u015far\u0131s\u0131z olmu\u015f, sahip ve y\u00f6neticileri, i\u00e7 rekabet, reklamlar\u0131 \u0130\u015fletmeler:<\/p>\n","protected":false},"author":1,"featured_media":0,"parent":10674,"menu_order":3,"comment_status":"closed","ping_status":"closed","template":"","meta":{"_acf_changed":false,"footnotes":""},"class_list":["post-10680","page","type-page","status-publish","hentry"],"acf":[],"_links":{"self":[{"href":"https:\/\/franchisemore.com\/index.php\/wp-json\/wp\/v2\/pages\/10680","targetHints":{"allow":["GET"]}}],"collection":[{"href":"https:\/\/franchisemore.com\/index.php\/wp-json\/wp\/v2\/pages"}],"about":[{"href":"https:\/\/franchisemore.com\/index.php\/wp-json\/wp\/v2\/types\/page"}],"author":[{"embeddable":true,"href":"https:\/\/franchisemore.com\/index.php\/wp-json\/wp\/v2\/users\/1"}],"replies":[{"embeddable":true,"href":"https:\/\/franchisemore.com\/index.php\/wp-json\/wp\/v2\/comments?post=10680"}],"version-history":[{"count":2,"href":"https:\/\/franchisemore.com\/index.php\/wp-json\/wp\/v2\/pages\/10680\/revisions"}],"predecessor-version":[{"id":11094,"href":"https:\/\/franchisemore.com\/index.php\/wp-json\/wp\/v2\/pages\/10680\/revisions\/11094"}],"up":[{"embeddable":true,"href":"https:\/\/franchisemore.com\/index.php\/wp-json\/wp\/v2\/pages\/10674"}],"wp:attachment":[{"href":"https:\/\/franchisemore.com\/index.php\/wp-json\/wp\/v2\/media?parent=10680"}],"curies":[{"name":"wp","href":"https:\/\/api.w.org\/{rel}","templated":true}]}}