{"id":10678,"date":"2025-02-01T22:20:33","date_gmt":"2025-02-01T22:20:33","guid":{"rendered":"https:\/\/franchisemore.com\/?page_id=10678"},"modified":"2025-02-01T22:22:27","modified_gmt":"2025-02-01T22:22:27","slug":"nicin-fm-den-almalisiniz","status":"publish","type":"page","link":"https:\/\/franchisemore.com\/index.php\/franchise-alanlara\/nicin-fm-den-almalisiniz\/","title":{"rendered":"Ni\u00e7in F&amp;M den almal\u0131s\u0131n\u0131z"},"content":{"rendered":"\n<p>Franchise almak isteyenler F&amp;M temsilcilerine dan\u0131\u015farak \u00fc\u00e7 avantaj kazan\u0131rlar.<\/p>\n\n\n\n<ul class=\"wp-block-list\">\n<li><strong>Kolayl\u0131k<\/strong>: Piyasa bilgisi olan bir uzmanla \u00e7al\u0131\u015fmak kolayl\u0131k sa\u011flar. Giri\u015fimci y\u00fczlerce markay\u0131 dola\u015fmaktan kurtulur, sonuca h\u0131zl\u0131 ula\u015f\u0131r.<\/li>\n\n\n\n<li><strong>Uzmanl\u0131k<\/strong>: F&amp;M temsilcileri y\u0131llar\u0131n franchise deneyimi ile piyasay\u0131 izler, y\u00fckselen markalar\u0131, kazanan i\u015fleri, destek verenleri bilir. Giri\u015fimci do\u011fru bilgi al\u0131r.<\/li>\n\n\n\n<li><strong>G\u00fcven<\/strong>: F&amp;M \u00e7al\u0131\u015fma ilkeleri, kazand\u0131rmayan i\u015fi \u00f6nermemektir.<\/li>\n<\/ul>\n\n\n\n<p>F&amp;M dan\u0131\u015fmanl\u0131k anlay\u0131\u015f\u0131, giri\u015fimcilerin kald\u0131rabilece\u011finden fazla risk almamas\u0131, herkesin kendine uygun i\u015f kurmas\u0131d\u0131r.<\/p>\n","protected":false},"excerpt":{"rendered":"<p>Franchise almak isteyenler F&amp;M temsilcilerine dan\u0131\u015farak \u00fc\u00e7 avantaj kazan\u0131rlar. F&amp;M dan\u0131\u015fmanl\u0131k anlay\u0131\u015f\u0131, giri\u015fimcilerin kald\u0131rabilece\u011finden fazla risk almamas\u0131, herkesin kendine uygun i\u015f kurmas\u0131d\u0131r.<\/p>\n","protected":false},"author":1,"featured_media":0,"parent":10674,"menu_order":2,"comment_status":"closed","ping_status":"closed","template":"","meta":{"_acf_changed":false,"footnotes":""},"class_list":["post-10678","page","type-page","status-publish","hentry"],"acf":[],"_links":{"self":[{"href":"https:\/\/franchisemore.com\/index.php\/wp-json\/wp\/v2\/pages\/10678","targetHints":{"allow":["GET"]}}],"collection":[{"href":"https:\/\/franchisemore.com\/index.php\/wp-json\/wp\/v2\/pages"}],"about":[{"href":"https:\/\/franchisemore.com\/index.php\/wp-json\/wp\/v2\/types\/page"}],"author":[{"embeddable":true,"href":"https:\/\/franchisemore.com\/index.php\/wp-json\/wp\/v2\/users\/1"}],"replies":[{"embeddable":true,"href":"https:\/\/franchisemore.com\/index.php\/wp-json\/wp\/v2\/comments?post=10678"}],"version-history":[{"count":1,"href":"https:\/\/franchisemore.com\/index.php\/wp-json\/wp\/v2\/pages\/10678\/revisions"}],"predecessor-version":[{"id":10679,"href":"https:\/\/franchisemore.com\/index.php\/wp-json\/wp\/v2\/pages\/10678\/revisions\/10679"}],"up":[{"embeddable":true,"href":"https:\/\/franchisemore.com\/index.php\/wp-json\/wp\/v2\/pages\/10674"}],"wp:attachment":[{"href":"https:\/\/franchisemore.com\/index.php\/wp-json\/wp\/v2\/media?parent=10678"}],"curies":[{"name":"wp","href":"https:\/\/api.w.org\/{rel}","templated":true}]}}