{"id":10676,"date":"2025-02-01T22:19:08","date_gmt":"2025-02-01T22:19:08","guid":{"rendered":"https:\/\/franchisemore.com\/?page_id=10676"},"modified":"2025-02-03T09:53:05","modified_gmt":"2025-02-03T09:53:05","slug":"nicin-franchise-almalisiniz","status":"publish","type":"page","link":"https:\/\/franchisemore.com\/index.php\/franchise-alanlara\/nicin-franchise-almalisiniz\/","title":{"rendered":"Ni\u00e7in franchise almal\u0131s\u0131n\u0131z"},"content":{"rendered":"\n<p><strong>FRANCHISE ALMAK NE KAZANDIRIR<\/strong><\/p>\n\n\n\n<p>Franchise \u00e7a\u011f\u0131m\u0131z\u0131n i\u015fletme sistemi, t\u00fcm d\u00fcnyada h\u0131zla yay\u0131l\u0131yor, alana kazand\u0131r\u0131yor.<\/p>\n\n\n\n<ul class=\"wp-block-list\">\n<li>\u0130\u015f kurman\u0131n en kolay ve g\u00fcvenli yolu, deneyim gerekmiyor, e\u011fitim veriliyor<\/li>\n\n\n\n<li>Zincirin halkas\u0131 olman\u0131n sa\u011flad\u0131\u011f\u0131 g\u00fcven ve itibar<\/li>\n\n\n\n<li>B\u00f6lge koruman\u0131n sa\u011flad\u0131\u011f\u0131 rekabet avantaj\u0131<\/li>\n\n\n\n<li>Denetim ve kar\u015f\u0131la\u015ft\u0131rma yap\u0131l\u0131yor, benzerleriyle yar\u0131\u015f\u0131yor<\/li>\n\n\n\n<li>\u00c7ok yerde denenmi\u015f, karl\u0131l\u0131\u011f\u0131 kan\u0131tlanm\u0131\u015f i\u015f<\/li>\n\n\n\n<li>\u00dcr\u00fcn kalitesi, malzemesi, maliyeti, fiyat\u0131 dengede<\/li>\n\n\n\n<li>.Markay\u0131 bilen, seven sad\u0131k m\u00fc\u015fteriler<\/li>\n\n\n\n<li>Ortak g\u00fc\u00e7l\u00fc reklam, hesapl\u0131 ve etkili yerel kampanyalar<\/li>\n\n\n\n<li>Yer se\u00e7iminde do\u011fru kriterler<\/li>\n<\/ul>\n\n\n\n<p>Buna kar\u015f\u0131n, kendiniz kurmaya g\u00f6re franchise alman\u0131n giri\u015f bedeli \u00f6demek, markan\u0131n kurallar\u0131na uymak, \u00f6ng\u00f6r\u00fclen tedarik\u00e7ilerle \u00e7al\u0131\u015fmak gibi dezavantajlar\u0131 var. Deneyiminiz ve becerinizle markaya ve sisteme ihtiya\u00e7 duymayaca\u011f\u0131n\u0131z\u0131 d\u00fc\u015f\u00fcn\u00fcyorsan\u0131z franchise almay\u0131n. <\/p>\n\n\n\n<p>Hangisinin sizin i\u00e7in daha iyi olaca\u011f\u0131n\u0131 &#8220;<strong><a href=\"https:\/\/franchise.com.tr\/franchise-alanlara\/girisimcilik-testi\/\">F&amp;M Giri\u015fimcilik Testi<\/a><\/strong>&#8221; ile g\u00f6r\u00fcn. <\/p>\n\n\n\n<p><\/p>\n","protected":false},"excerpt":{"rendered":"<p>FRANCHISE ALMAK NE KAZANDIRIR Franchise \u00e7a\u011f\u0131m\u0131z\u0131n i\u015fletme sistemi, t\u00fcm d\u00fcnyada h\u0131zla yay\u0131l\u0131yor, alana kazand\u0131r\u0131yor. Buna kar\u015f\u0131n, kendiniz kurmaya g\u00f6re franchise alman\u0131n giri\u015f bedeli \u00f6demek, markan\u0131n kurallar\u0131na uymak, \u00f6ng\u00f6r\u00fclen tedarik\u00e7ilerle \u00e7al\u0131\u015fmak gibi dezavantajlar\u0131 var. Deneyiminiz ve becerinizle markaya ve sisteme ihtiya\u00e7 duymayaca\u011f\u0131n\u0131z\u0131 d\u00fc\u015f\u00fcn\u00fcyorsan\u0131z franchise almay\u0131n. Hangisinin sizin i\u00e7in daha iyi olaca\u011f\u0131n\u0131 &#8220;F&amp;M Giri\u015fimcilik Testi&#8221; ile g\u00f6r\u00fcn.<\/p>\n","protected":false},"author":1,"featured_media":0,"parent":10674,"menu_order":1,"comment_status":"closed","ping_status":"closed","template":"","meta":{"_acf_changed":false,"footnotes":""},"class_list":["post-10676","page","type-page","status-publish","hentry"],"acf":[],"_links":{"self":[{"href":"https:\/\/franchisemore.com\/index.php\/wp-json\/wp\/v2\/pages\/10676","targetHints":{"allow":["GET"]}}],"collection":[{"href":"https:\/\/franchisemore.com\/index.php\/wp-json\/wp\/v2\/pages"}],"about":[{"href":"https:\/\/franchisemore.com\/index.php\/wp-json\/wp\/v2\/types\/page"}],"author":[{"embeddable":true,"href":"https:\/\/franchisemore.com\/index.php\/wp-json\/wp\/v2\/users\/1"}],"replies":[{"embeddable":true,"href":"https:\/\/franchisemore.com\/index.php\/wp-json\/wp\/v2\/comments?post=10676"}],"version-history":[{"count":4,"href":"https:\/\/franchisemore.com\/index.php\/wp-json\/wp\/v2\/pages\/10676\/revisions"}],"predecessor-version":[{"id":11177,"href":"https:\/\/franchisemore.com\/index.php\/wp-json\/wp\/v2\/pages\/10676\/revisions\/11177"}],"up":[{"embeddable":true,"href":"https:\/\/franchisemore.com\/index.php\/wp-json\/wp\/v2\/pages\/10674"}],"wp:attachment":[{"href":"https:\/\/franchisemore.com\/index.php\/wp-json\/wp\/v2\/media?parent=10676"}],"curies":[{"name":"wp","href":"https:\/\/api.w.org\/{rel}","templated":true}]}}