{"id":10670,"date":"2025-02-01T22:12:07","date_gmt":"2025-02-01T22:12:07","guid":{"rendered":"https:\/\/franchisemore.com\/?page_id=10670"},"modified":"2025-02-02T18:44:32","modified_gmt":"2025-02-02T18:44:32","slug":"franchise-verene-yarari","status":"publish","type":"page","link":"https:\/\/franchisemore.com\/index.php\/franchise-verenlere\/franchise-verene-yarari\/","title":{"rendered":"Franchise verene yarar\u0131"},"content":{"rendered":"\n<p><strong>FRANCHISE VERMEK NE KAZANDIRIR<\/strong><\/p>\n\n\n\n<p>Franchise sistemleri, hi\u00e7 \u015f\u00fcphesiz franchise alanlar kadar, franchise verenlere de yararl\u0131 oldu\u011fu i\u00e7in bu denli yayg\u0131nla\u015fm\u0131\u015ft\u0131r.<\/p>\n\n\n\n<p>Franchise veren, ba\u015far\u0131l\u0131, karl\u0131 ve tutunmu\u015f bir markan\u0131n ve i\u015fletmenin zaten sahibidir. Dilerse bu markas\u0131n\u0131 \u015fubeler a\u00e7arak yayg\u0131nla\u015ft\u0131rabilir, dilerse t\u00fcm m\u00fc\u015fterilerin kendisine gelmeye zorlayabilir. Hangi durumda daha avantajl\u0131 olaca\u011f\u0131n\u0131 de\u011ferlendirerek kendi \u015fartlar\u0131na g\u00f6re karar verecektir.<\/p>\n\n\n\n<p>Franchise verenin franchise sistemini se\u00e7mesinin nedenleri, sistemden beklentileri ve sa\u011flad\u0131\u011f\u0131 avantajlar, \u015fu \u015fekilde s\u0131ralanabilir.<\/p>\n\n\n\n<p><strong><u>Yat\u0131r\u0131m\u0131n azalmas\u0131<\/u><\/strong><\/p>\n\n\n\n<p>Kendi \u015fubelerini a\u00e7mas\u0131 halinde gereken yat\u0131r\u0131m, franchise sisteminde tamamen ortadan kalkmaktad\u0131r. Sadece franchise sistemini y\u00fcr\u00fctmek i\u00e7in gereken altyap\u0131 yat\u0131r\u0131m\u0131 yap\u0131lmaktad\u0131r. \u00c7o\u011funlukla franchise verenin mali yap\u0131s\u0131 ve insan kaynaklar\u0131 k\u0131sa s\u00fcrede \u00e7ok say\u0131da \u015fubeyi a\u00e7maya uygun olmad\u0131\u011f\u0131ndan, franchise tek alternatif olmaktad\u0131r.<\/p>\n\n\n\n<p><strong><u>H\u0131zl\u0131 nakit giri\u015fi<\/u><\/strong><\/p>\n\n\n\n<p>\u015eubeler a\u00e7ma halinde uzun vadede edilecek olan kar, franchise verme halinde k\u0131sa s\u00fcrede franchise giri\u015f bedeli ile realize edilecektir. Hizmet satan markalar\u0131n sahipleri, tek i\u015fletmeden hareketle franchise veriyorlarsa, alacak olduklar\u0131 franchise giri\u015f bedeliler genellikle dayan\u0131lmaz derecede cazip g\u00f6r\u00fcnmektedir. Tek i\u015fletme ile ayn\u0131 miktarda kar etmeleri hemen hemen imkans\u0131zd\u0131r.<\/p>\n\n\n\n<p><strong><u>S\u00fcrekli gelir<\/u><\/strong><\/p>\n\n\n\n<p>Franchise verilmesi halinde, franchise kullan\u0131m bedeli \u00f6demeleri franchise veren i\u00e7in s\u00fcrekli ve d\u00fczenli bir gelir kayna\u011f\u0131 olu\u015fturmaktad\u0131r.<\/p>\n\n\n\n<p><strong><u>H\u0131zl\u0131 yay\u0131lma<\/u><\/strong><\/p>\n\n\n\n<p>Pek \u00e7ok i\u015f i\u00e7in h\u0131zl\u0131 yay\u0131lma hayati \u00f6nemdedir. Sat\u0131n alma g\u00fcc\u00fc artar, reklama ba\u015flamak i\u00e7in pazarda bulunmak gerekir, kendi \u00fcretimini ba\u015flatmak i\u00e7in belli kapasiteyi yakalamak \u015fartt\u0131r,&nbsp;vb. Bu gibi durumlarda k\u0131sa s\u00fcrede belli say\u0131da i\u015fletme a\u00e7\u0131l\u0131rsa i\u015f y\u00fcr\u00fcr, az say\u0131da i\u015fletmede kal\u0131rsa i\u015f t\u00f6kezler. Franchise vererek b\u00fcy\u00fcmede y\u00f6netim ve yat\u0131r\u0131m y\u00fck\u00fc da\u011f\u0131t\u0131l\u0131r, yay\u0131lma h\u0131zlan\u0131r. \u015eubelerle yay\u0131lma i\u00e7in geni\u015f bir kadro, b\u00fcy\u00fck yat\u0131r\u0131m ve zaman gerekir.<\/p>\n\n\n\n<p><strong><u>Yerinden etkin y\u00f6netim<\/u><\/strong><\/p>\n\n\n\n<p>\u015eubeler a\u00e7\u0131lmas\u0131 halinde, i\u015fletmelerin y\u00f6netiminde profesyonel kadrolar yer alacak ve y\u00f6netim verimlili\u011fi d\u00fc\u015f\u00fck kalacakt\u0131r. Franchise sisteminde yat\u0131r\u0131mc\u0131 ve i\u015fletmeci ayn\u0131 ki\u015fi oldu\u011fundan, t\u00fcm g\u00fcc\u00fcn\u00fc, akl\u0131n\u0131 ve eme\u011fini i\u015fine verecektir. \u0130\u015fletme verimi artacak, m\u00fc\u015fteriler memnun kalacak, marka imaj\u0131 g\u00fc\u00e7lenecektir.<\/p>\n\n\n\n<p>Sorun profesyonel y\u00f6neticinin niteli\u011finde de\u011fil, motivasyonundad\u0131r. Merkeze ba\u011fl\u0131 iken zarar eden \u015fubelerin franchise verildikten sonra ayn\u0131 yerde ve ayn\u0131 kadroyla kara ge\u00e7ti\u011fi s\u0131k rastlanan bir olgudur. \u0130\u015fi \u00f6\u011frenmi\u015f profesyonel y\u00f6neticilerin \u00e7al\u0131\u015ft\u0131klar\u0131 i\u015fletmeyi franchise ald\u0131klar\u0131 takdirde daha ba\u015far\u0131l\u0131 olduklar\u0131 da g\u00f6r\u00fclmektedir.<\/p>\n\n\n\n<p><strong><u>Ula\u015f\u0131lamayacak pazardan kar<\/u><\/strong><\/p>\n\n\n\n<p>Bir veya bir ka\u00e7 i\u015fletmesi olan marka sahibi, \u015fubeler a\u00e7ma yoluyla baz\u0131 pazarlara hi\u00e7 bir zaman giremez. Uzakta olan b\u00f6lgeler, reklam\u0131n\u0131n ula\u015famad\u0131\u011f\u0131 alanlar, kendi i\u00e7ine kapal\u0131 al\u0131c\u0131 gruplar\u0131 buna \u00f6rnektir. Bu pazarlarda e\u011fer s\u00f6z konusu \u00fcr\u00fcn veya hizmete ihtiya\u00e7 varsa, marka sahibinin girmemesi halinde mutlak bir ba\u015fkas\u0131 girecek, hatta onu taklit edecektir. Franchise verilerek hem taklit \u00f6nlenmi\u015f, hem ilave gelir sa\u011flanm\u0131\u015f olur.<\/p>\n\n\n\n<p><strong><u>Artan reklam g\u00fcc\u00fc<\/u><\/strong><\/p>\n\n\n\n<p>Franchise zincirin cirolar\u0131ndan toplanan makul oranlardaki reklam fonu, tek bir i\u015fletmenin s\u0131n\u0131rl\u0131 cirosu ve k\u0131s\u0131tl\u0131 reklam b\u00fct\u00e7esiyle hi\u00e7 bir zaman yapamayaca\u011f\u0131 g\u00fc\u00e7te reklam yapabilmektedir. M\u00fcstakil i\u015fletme yayg\u0131n reklam yapt\u0131\u011f\u0131 takdirde \u00e7ok noktada \u00fcr\u00fcn veya hizmetini sunamayaca\u011f\u0131ndan, paras\u0131n\u0131n \u00e7o\u011funu bo\u015fa harcam\u0131\u015f olacakt\u0131r.<\/p>\n\n\n\n<p><strong><u>Artan marka tan\u0131n\u0131rl\u0131\u011f\u0131<\/u><\/strong><\/p>\n\n\n\n<p>T\u00fcketici, bir \u00e7ok yerde ayn\u0131 markal\u0131 ma\u011fazay\u0131 g\u00f6r\u00fcnce olumlu etkilenmekte, markaya sayg\u0131 duymakta, \u00fcr\u00fcne de\u011fer vermektedir. Marka imaj\u0131, zincir i\u015fletmelerle g\u00fc\u00e7lenir. \u00d6rne\u011fin \u0130stanbul\u2019da bir ka\u00e7 \u015fube a\u00e7an her marka dikkat \u00e7ekmekte ve geni\u015f kitlelerce k\u0131sa s\u00fcrede tan\u0131nmaktad\u0131r.<\/p>\n\n\n\n<p>Bu \u00f6zellik esasen franchise sistemine has bir durum de\u011fildir. Bayi ve \u015fube zincirleri de ayn\u0131 g\u00fc\u00e7ten yararlanmaktad\u0131r. Fakat franchising bu g\u00fcc\u00fc en iyi \u015fekilde kullanmaktad\u0131r.<\/p>\n\n\n\n<p><strong><u>Artan sat\u0131n alma g\u00fcc\u00fc<\/u><\/strong><\/p>\n\n\n\n<p>H\u0131zl\u0131 yay\u0131lmaya paralel olarak ciro ve sat\u0131n alma da artacakt\u0131r. Sat\u0131n alma pazarl\u0131klar\u0131nda etkinlik, ancak miktar ile sa\u011flanabilir. Zincir ma\u011fazalar bu g\u00fc\u00e7lerini sat\u0131n alma pazarl\u0131klar\u0131na derhal yans\u0131tmaktad\u0131rlar.<\/p>\n\n\n\n<p>\u00dclkemizde son y\u0131llarda ya\u015fanan s\u00fcpermarket patlamas\u0131, bu pazarl\u0131k g\u00fcc\u00fcn\u00fcn nas\u0131l kullan\u0131ld\u0131\u011f\u0131n\u0131 g\u00f6stermi\u015ftir. Zincir marketlerin yay\u0131lmalar\u0131na paralel olarak sat\u0131n almac\u0131lar\u0131n istedikleri indirimler, vadeler ve ilave bedeller her y\u0131l artmaktad\u0131r.<\/p>\n\n\n\n<p>Belli miktarlar\u0131n alt\u0131nda t\u00fcketim oldu\u011funda, bask\u0131l\u0131 malzeme bile sorun olmaktad\u0131r. Haz\u0131rl\u0131k masraflar\u0131 \u00e7ok tuttu\u011fundan, ya az ve pahal\u0131 almak, veya \u00e7ok al\u0131p uzun s\u00fcre stoklamak zorunda kal\u0131nmaktad\u0131r.&nbsp;&nbsp;<\/p>\n\n\n\n<p>Belli miktarlar\u0131n \u00fczerinde al\u0131m yap\u0131ld\u0131\u011f\u0131nda, \u00fcretici firman\u0131n sadece franchise veren i\u00e7in \u00e7al\u0131\u015fmakta ve geli\u015ftirilen teknolojiden rakiplerin yararlanmas\u0131 \u00f6nlenmektedir.<\/p>\n\n\n\n<p><strong><u>\u0130yi yerlerde bulunma<\/u><\/strong><\/p>\n\n\n\n<p>Kendine g\u00fcvenen ve iddial\u0131 her i\u015fletme, en \u00e7ok kazanabilmek i\u00e7in en iyi yerde bulunmak ister. \u00d6rne\u011fin \u0130stanbul\u2019da Etiler, Ba\u011fdat Caddesi, Ni\u015fanta\u015f\u0131, Akmerkez, Ankara\u2019da Gaziosmanpa\u015fa, \u0130zmir\u2019de Kordon, Alsancak gibi. Bu t\u00fcr yerler dolu ve pahal\u0131d\u0131r. Bu gibi yerlerde yeterince kar etmeyen, hatta kiras\u0131n\u0131 \u00f6deyemeyen d\u00fckkanlar bulunabilmektedir. Bunlardan biri devralmak istendi\u011finde ise y\u00fcksek hava paralar\u0131 talep edilir. Hava paras\u0131 ile birlikte d\u00fc\u015f\u00fcn\u00fcld\u00fc\u011f\u00fcnde marka sahibinin veya ondan franchise alan ki\u015finin yat\u0131r\u0131m\u0131 kendini kurtarmayabilir.<\/p>\n\n\n\n<p>Oysa franchising sistemini oturtmu\u015f, karl\u0131 bir i\u015fletme, iyi yerde d\u00fckkan\u0131 olup da mevcut i\u015fi az kar eden i\u015fletmecilere franchise verebilir.<\/p>\n\n\n\n<p>Benzer \u015fekilde, mal sahibi olup da, kiradaki m\u00fclk\u00fcn\u00fc kendi i\u015fletmek isteyen ki\u015filer, franchise almaya yatk\u0131n olmaktad\u0131rlar. Bu \u015fekilde parayla sahip olunamayacak noktalarda franchise vererek yerle\u015fmek m\u00fcmk\u00fcn olmaktad\u0131r.<\/p>\n\n\n\n<p>Bu gibi durumlarda, yeri iyi olsa bile, i\u015fi y\u00fcr\u00fctemeyecek i\u015fletmeciye franchise verilmemelidir. Ger\u00e7ekten iyi bir yer i\u00e7in verilebilecek bir taviz de, yerin sahibine i\u015fi bilen bir i\u015fletmeci ortak bulmakt\u0131r.<\/p>\n\n\n\n<p><strong><u>Anla\u015fmal\u0131 i\u015fletmeler<\/u><\/strong><\/p>\n\n\n\n<p>Franchise veren, yapt\u0131\u011f\u0131 anla\u015fmalarla franchise alanlara belli s\u00fcrelerle haklar verirken, bir anlamda kendi gelece\u011fini de garantiye almaktad\u0131r.<\/p>\n\n\n\n<p>Franchise alanlar\u0131n ileride ya\u015fayaca\u011f\u0131 sorunlar, sistemin zorlanaca\u011f\u0131 noktalar, gelecek rakipler, pazar\u0131n daralmas\u0131, i\u015flerin azalmas\u0131, sistemin az karl\u0131 hale gelmesi vb. gibi olumsuz geli\u015fmeler franchise vereni etkilemeyecektir.<\/p>\n\n\n\n<p>Uzun s\u00fcreli yap\u0131lm\u0131\u015f franchise anla\u015fmalar\u0131 ile, sa\u011flam, g\u00fcvenilir ve s\u0131ms\u0131k\u0131 ba\u011fl\u0131 sat\u0131\u015f noktalar\u0131 kazan\u0131lm\u0131\u015f olmaktad\u0131r.<\/p>\n\n\n\n<p>Di\u011fer yandan, franchise anla\u015fmalar\u0131 genellikle franchise vereni daha \u00e7ok korumaktad\u0131r. Sorun \u00e7\u0131karan veya sisteme zarar veren franchise alanlar olursa, anla\u015fmaya dayanarak kolayca tasfiye edilebilirler.<\/p>\n\n\n\n<p><strong><u>Etkin da\u011f\u0131t\u0131m<\/u><\/strong><\/p>\n\n\n\n<p>Franchise sistemlerde al\u0131nan malzeme ve \u00fcr\u00fcnler s\u0131n\u0131rl\u0131, teslim adresleri belli, ihtiya\u00e7 duyulan miktarlar d\u00fczenlidir.<\/p>\n\n\n\n<p>Bu durum g\u00f6z \u00f6n\u00fcne al\u0131narak kurulacak d\u00fczenli da\u011f\u0131t\u0131m sistemi, muhakkak ki ba\u011f\u0131ms\u0131z i\u015fletmelerin her birinin tek tek malzemelerini temin etmesinden \u00e7ok daha verimli \u00e7al\u0131\u015facakt\u0131r.<\/p>\n\n\n\n<p>Dolay\u0131s\u0131yla franchise veren a\u00e7\u0131s\u0131ndan da\u011f\u0131t\u0131mla gelen bir verimlilik avantaj\u0131 s\u00f6z konusudur.<\/p>\n\n\n\n<p><strong><u>H\u0131zl\u0131 tahsilat<\/u><\/strong><\/p>\n\n\n\n<p>\u00dcretici veya toptanc\u0131 konumundaki franchise verenler, genelde sat\u0131\u015flar\u0131n\u0131n tahsilat\u0131nda gecikme ve risk bulunmas\u0131ndan \u015fikayet\u00e7idirler.<\/p>\n\n\n\n<p>Franchise zinciri kuruldu\u011funda, her bir i\u015fletmenin sat\u0131\u015f ve tahsilat miktarlar\u0131 izlenecek, \u00f6ng\u00f6r\u00fclen s\u00fcrelerin a\u015f\u0131lmas\u0131 veya tahsilat yap\u0131lamamas\u0131 s\u00f6z konusu olmayacakt\u0131r.<\/p>\n\n\n\n<p>Pek \u00e7ok \u00fcretici sadece bu nedenle mal\u0131n\u0131 toptan piyasada satmak yerine franchise zinciri kurmak istemektedir.<\/p>\n\n\n\n<p><strong><u>Pazardan bilgi ak\u0131\u015f\u0131<\/u><\/strong><\/p>\n\n\n\n<p>Franchise sistemi kuruldu\u011funda, t\u00fcketici ile temas eden perakendeciler yak\u0131n takibe al\u0131nmaktad\u0131r. Sosyal medyada yer alan \u015fikayetler, i\u015fletmelerdeki \u015fikayet kutular\u0131, merkezdeki m\u00fc\u015fteri \u015fikayet hatt\u0131, yapt\u0131r\u0131lan anketler, i\u015fletmelerde yap\u0131lan denetimler vb. ile t\u00fcketicinin nabz\u0131 kolayca tutulabilmektedir.<\/p>\n\n\n\n<p>Bu sayede m\u00fc\u015fteri isteklerine g\u00f6re \u00fcr\u00fcn ve hizmetler farkl\u0131la\u015ft\u0131r\u0131lmakta, gereken denemeler s\u0131n\u0131rl\u0131 say\u0131da i\u015fletmede yap\u0131labilmektedir.<\/p>\n\n\n\n<p>Benzeri bir \u00e7al\u0131\u015fman\u0131n toptan mal verilen ba\u011f\u0131ms\u0131z perakendecilerde yap\u0131lmas\u0131 zor, zaman al\u0131c\u0131, verimsiz, hatta belki de imkans\u0131z olacakt\u0131r.<\/p>\n\n\n\n<p><strong><u>Denetleyebilme<\/u><\/strong><\/p>\n\n\n\n<p>Franchise veren, sat\u0131\u015f noktalar\u0131 \u00fczerinde denetim g\u00fcc\u00fcne sahiptir. Diledi\u011finde her birinin en ince hesaplar\u0131na kadar ara\u015ft\u0131rma imkan\u0131 vard\u0131r. <\/p>\n\n\n\n<p><\/p>\n","protected":false},"excerpt":{"rendered":"<p>FRANCHISE VERMEK NE KAZANDIRIR Franchise sistemleri, hi\u00e7 \u015f\u00fcphesiz franchise alanlar kadar, franchise verenlere de yararl\u0131 oldu\u011fu i\u00e7in bu denli yayg\u0131nla\u015fm\u0131\u015ft\u0131r. Franchise veren, ba\u015far\u0131l\u0131, karl\u0131 ve tutunmu\u015f bir markan\u0131n ve i\u015fletmenin zaten sahibidir. Dilerse bu markas\u0131n\u0131 \u015fubeler a\u00e7arak yayg\u0131nla\u015ft\u0131rabilir, dilerse t\u00fcm m\u00fc\u015fterilerin kendisine gelmeye zorlayabilir. Hangi durumda daha avantajl\u0131 olaca\u011f\u0131n\u0131 de\u011ferlendirerek kendi \u015fartlar\u0131na g\u00f6re karar verecektir.<\/p>\n","protected":false},"author":1,"featured_media":0,"parent":10649,"menu_order":8,"comment_status":"closed","ping_status":"closed","template":"","meta":{"_acf_changed":false,"footnotes":""},"class_list":["post-10670","page","type-page","status-publish","hentry"],"acf":[],"_links":{"self":[{"href":"https:\/\/franchisemore.com\/index.php\/wp-json\/wp\/v2\/pages\/10670","targetHints":{"allow":["GET"]}}],"collection":[{"href":"https:\/\/franchisemore.com\/index.php\/wp-json\/wp\/v2\/pages"}],"about":[{"href":"https:\/\/franchisemore.com\/index.php\/wp-json\/wp\/v2\/types\/page"}],"author":[{"embeddable":true,"href":"https:\/\/franchisemore.com\/index.php\/wp-json\/wp\/v2\/users\/1"}],"replies":[{"embeddable":true,"href":"https:\/\/franchisemore.com\/index.php\/wp-json\/wp\/v2\/comments?post=10670"}],"version-history":[{"count":2,"href":"https:\/\/franchisemore.com\/index.php\/wp-json\/wp\/v2\/pages\/10670\/revisions"}],"predecessor-version":[{"id":11090,"href":"https:\/\/franchisemore.com\/index.php\/wp-json\/wp\/v2\/pages\/10670\/revisions\/11090"}],"up":[{"embeddable":true,"href":"https:\/\/franchisemore.com\/index.php\/wp-json\/wp\/v2\/pages\/10649"}],"wp:attachment":[{"href":"https:\/\/franchisemore.com\/index.php\/wp-json\/wp\/v2\/media?parent=10670"}],"curies":[{"name":"wp","href":"https:\/\/api.w.org\/{rel}","templated":true}]}}