{"id":10663,"date":"2025-02-01T22:02:03","date_gmt":"2025-02-01T22:02:03","guid":{"rendered":"https:\/\/franchisemore.com\/?page_id=10663"},"modified":"2025-02-02T18:55:09","modified_gmt":"2025-02-02T18:55:09","slug":"bozulan-sistemi-duzeltme","status":"publish","type":"page","link":"https:\/\/franchisemore.com\/index.php\/franchise-verenlere\/bozulan-sistemi-duzeltme\/","title":{"rendered":"Bozulan sistemi d\u00fczeltme"},"content":{"rendered":"\n<p><strong>FRANCHISE S\u0130STEM\u0130N\u0130Z BOZULMU\u015eSA NASIL D\u00dcZELT\u0130L\u0130R<\/strong><\/p>\n\n\n\n<p>Bozulan zincir d\u00f6rt ad\u0131mda tamir edilir. Oto tamircilerinin deyimlerini kullan\u0131rsak, a\u015famalar \u015funlar.<\/p>\n\n\n\n<div class=\"wp-block-group\"><div class=\"wp-block-group__inner-container is-layout-constrained wp-block-group-is-layout-constrained\">\n<ul class=\"wp-block-list\">\n<li><strong>1- Diagnoz<\/strong>&nbsp;Check-Up&nbsp;ile mevcut durum,&nbsp;A2&nbsp;ile strateji ve hedefler belirlenir<\/li>\n\n\n\n<li><strong>2- Motor<\/strong>&nbsp;K2-K3&nbsp;paketi ile franchise altyap\u0131s\u0131 tamamlan\u0131r, e\u011fitim ve denetim ba\u015flat\u0131l\u0131r<\/li>\n\n\n\n<li><strong>3- Karoser<\/strong>&nbsp;Franchise alanlar ve ma\u011fazalar de\u011ferlendirilir, kapanmas\u0131, ta\u015f\u0131nmas\u0131, devretmesi gerekenler belirlenir<\/li>\n\n\n\n<li><strong>4- Test\u00a0<\/strong>Franchise y\u00f6netim ekibi kurulur, tedarik\u00e7iler belirlenir, s\u00fcrd\u00fcr\u00fclebilir b\u00fcy\u00fcme ba\u015flat\u0131l\u0131r<\/li>\n<\/ul>\n<\/div><\/div>\n\n\n\n<figure class=\"wp-block-image size-full is-resized\"><img fetchpriority=\"high\" decoding=\"async\" width=\"313\" height=\"270\" src=\"https:\/\/franchisemore.com\/wp-content\/uploads\/2025\/02\/image-2.png\" alt=\"\" class=\"wp-image-11101\" style=\"width:209px;height:auto\" srcset=\"https:\/\/franchisemore.com\/wp-content\/uploads\/2025\/02\/image-2.png 313w, https:\/\/franchisemore.com\/wp-content\/uploads\/2025\/02\/image-2-300x259.png 300w\" sizes=\"(max-width: 313px) 100vw, 313px\" \/><\/figure>\n\n\n\n<p>Franchise kurulu\u015fu bir y\u0131la yak\u0131n zaman al\u0131rken, franchise tamiri en \u00e7ok 6 ayda tamamlan\u0131r. Hedefler ve hizmetlerin kapsam\u0131 marka sahibi ile birlikte belirlenir. \u0130\u015f h\u0131zland\u0131r\u0131l\u0131r, sekt\u00f6rde deneyimli temsilciler g\u00f6revlendirilir. Zarar\u0131n neresinden d\u00f6n\u00fclse kard\u0131r. Franchise zincirinizde sorun varsa F&amp;M yi aray\u0131n. \u0130\u015f i\u015ften ge\u00e7meden tamir edelim.&nbsp;<\/p>\n","protected":false},"excerpt":{"rendered":"<p>FRANCHISE S\u0130STEM\u0130N\u0130Z BOZULMU\u015eSA NASIL D\u00dcZELT\u0130L\u0130R Bozulan zincir d\u00f6rt ad\u0131mda tamir edilir. Oto tamircilerinin deyimlerini kullan\u0131rsak, a\u015famalar \u015funlar. Franchise kurulu\u015fu bir y\u0131la yak\u0131n zaman al\u0131rken, franchise tamiri en \u00e7ok 6 ayda tamamlan\u0131r. Hedefler ve hizmetlerin kapsam\u0131 marka sahibi ile birlikte belirlenir. \u0130\u015f h\u0131zland\u0131r\u0131l\u0131r, sekt\u00f6rde deneyimli temsilciler g\u00f6revlendirilir. Zarar\u0131n neresinden d\u00f6n\u00fclse kard\u0131r. Franchise zincirinizde sorun varsa F&amp;M<\/p>\n","protected":false},"author":1,"featured_media":0,"parent":10649,"menu_order":7,"comment_status":"closed","ping_status":"closed","template":"","meta":{"_acf_changed":false,"footnotes":""},"class_list":["post-10663","page","type-page","status-publish","hentry"],"acf":[],"_links":{"self":[{"href":"https:\/\/franchisemore.com\/index.php\/wp-json\/wp\/v2\/pages\/10663","targetHints":{"allow":["GET"]}}],"collection":[{"href":"https:\/\/franchisemore.com\/index.php\/wp-json\/wp\/v2\/pages"}],"about":[{"href":"https:\/\/franchisemore.com\/index.php\/wp-json\/wp\/v2\/types\/page"}],"author":[{"embeddable":true,"href":"https:\/\/franchisemore.com\/index.php\/wp-json\/wp\/v2\/users\/1"}],"replies":[{"embeddable":true,"href":"https:\/\/franchisemore.com\/index.php\/wp-json\/wp\/v2\/comments?post=10663"}],"version-history":[{"count":4,"href":"https:\/\/franchisemore.com\/index.php\/wp-json\/wp\/v2\/pages\/10663\/revisions"}],"predecessor-version":[{"id":11103,"href":"https:\/\/franchisemore.com\/index.php\/wp-json\/wp\/v2\/pages\/10663\/revisions\/11103"}],"up":[{"embeddable":true,"href":"https:\/\/franchisemore.com\/index.php\/wp-json\/wp\/v2\/pages\/10649"}],"wp:attachment":[{"href":"https:\/\/franchisemore.com\/index.php\/wp-json\/wp\/v2\/media?parent=10663"}],"curies":[{"name":"wp","href":"https:\/\/api.w.org\/{rel}","templated":true}]}}