{"id":10649,"date":"2025-02-01T21:50:06","date_gmt":"2025-02-01T21:50:06","guid":{"rendered":"https:\/\/franchisemore.com\/?page_id=10649"},"modified":"2025-02-02T17:41:47","modified_gmt":"2025-02-02T17:41:47","slug":"franchise-verenlere","status":"publish","type":"page","link":"https:\/\/franchisemore.com\/index.php\/franchise-verenlere\/","title":{"rendered":"FRANCHISE VERENLERE"},"content":{"rendered":"\n<p><strong>FRANCHISE VERENLERE H\u0130ZMETLER\u0130M\u0130Z<\/strong><\/p>\n\n\n\n<p>F&amp;M franchise zinciri kurmadan \u00f6nce, kurarken ve i\u015fletirken yap\u0131lacak her i\u015fi, hizmet paketleri olarak veriyor. Hizmet paketleri franchise verenler i\u00e7in s\u0131ras\u0131yla yap\u0131lmas\u0131 gereken i\u015flerin yol haritas\u0131n\u0131 olu\u015fturuyor. <\/p>\n\n\n\n<p>F&amp;M \u00e7al\u0131\u015fma ilkeleri do\u011frultusunda, her konuda uzmanlar eliyle destek veriyor, al\u0131nacak hizmetlerin se\u00e7imini franchise verene b\u0131rak\u0131yor. Firmaya g\u00f6re daha iyi, daha h\u0131zl\u0131 veya daha ucuz yapabilece\u011fi i\u015fleri F&amp;M \u00fcstleniyor, di\u011ferlerini kendi b\u00fcnyesinde yapmas\u0131 i\u00e7in firmaya destek veriyor. <\/p>\n\n\n\n<p>Hangi hizmetleri alaca\u011f\u0131na firma karar veriyor.<\/p>\n","protected":false},"excerpt":{"rendered":"<p>FRANCHISE VERENLERE H\u0130ZMETLER\u0130M\u0130Z F&amp;M franchise zinciri kurmadan \u00f6nce, kurarken ve i\u015fletirken yap\u0131lacak her i\u015fi, hizmet paketleri olarak veriyor. Hizmet paketleri franchise verenler i\u00e7in s\u0131ras\u0131yla yap\u0131lmas\u0131 gereken i\u015flerin yol haritas\u0131n\u0131 olu\u015fturuyor. F&amp;M \u00e7al\u0131\u015fma ilkeleri do\u011frultusunda, her konuda uzmanlar eliyle destek veriyor, al\u0131nacak hizmetlerin se\u00e7imini franchise verene b\u0131rak\u0131yor. Firmaya g\u00f6re daha iyi, daha h\u0131zl\u0131 veya daha ucuz<\/p>\n","protected":false},"author":1,"featured_media":0,"parent":0,"menu_order":2,"comment_status":"closed","ping_status":"closed","template":"","meta":{"_acf_changed":false,"footnotes":""},"class_list":["post-10649","page","type-page","status-publish","hentry"],"acf":[],"_links":{"self":[{"href":"https:\/\/franchisemore.com\/index.php\/wp-json\/wp\/v2\/pages\/10649","targetHints":{"allow":["GET"]}}],"collection":[{"href":"https:\/\/franchisemore.com\/index.php\/wp-json\/wp\/v2\/pages"}],"about":[{"href":"https:\/\/franchisemore.com\/index.php\/wp-json\/wp\/v2\/types\/page"}],"author":[{"embeddable":true,"href":"https:\/\/franchisemore.com\/index.php\/wp-json\/wp\/v2\/users\/1"}],"replies":[{"embeddable":true,"href":"https:\/\/franchisemore.com\/index.php\/wp-json\/wp\/v2\/comments?post=10649"}],"version-history":[{"count":2,"href":"https:\/\/franchisemore.com\/index.php\/wp-json\/wp\/v2\/pages\/10649\/revisions"}],"predecessor-version":[{"id":10955,"href":"https:\/\/franchisemore.com\/index.php\/wp-json\/wp\/v2\/pages\/10649\/revisions\/10955"}],"wp:attachment":[{"href":"https:\/\/franchisemore.com\/index.php\/wp-json\/wp\/v2\/media?parent=10649"}],"curies":[{"name":"wp","href":"https:\/\/api.w.org\/{rel}","templated":true}]}}