{"id":10647,"date":"2025-02-01T21:48:30","date_gmt":"2025-02-01T21:48:30","guid":{"rendered":"https:\/\/franchisemore.com\/?page_id=10647"},"modified":"2025-06-09T17:26:51","modified_gmt":"2025-06-09T14:26:51","slug":"erisim","status":"publish","type":"page","link":"https:\/\/franchisemore.com\/index.php\/hakkimizda\/erisim\/","title":{"rendered":"Eri\u015fim"},"content":{"rendered":"\n<p><strong>\u0130LET\u0130\u015e\u0130M<\/strong><\/p>\n\n\n\n<p>Ba\u015fvuru: +90 850-333 8828<\/p>\n\n\n\n<p>Ofis: +90 216-580 8828<\/p>\n\n\n\n<p>Whatsapp: +90 543-580 8828<\/p>\n\n\n\n<p>Fahrettin Kerim G\u00f6kay cd. 60\/14 &#8211; 34724 Kad\u0131k\u00f6y \u0130stanbul T\u00dcRK\u0130YE<\/p>\n\n\n\n<p>post@franchisemore.com<\/p>\n\n\n\n<p><strong>SOSYAL MEDYA HESAPLARI<\/strong><\/p>\n\n\n\n<p>Facebook<\/p>\n\n\n\n<p>\u0130nstagram<\/p>\n\n\n\n<p>X<\/p>\n\n\n\n<p>Linkedin<\/p>\n\n\n\n<p><\/p>\n","protected":false},"excerpt":{"rendered":"<p>\u0130LET\u0130\u015e\u0130M Ba\u015fvuru: +90 850-333 8828 Ofis: +90 216-580 8828 Whatsapp: +90 543-580 8828 Fahrettin Kerim G\u00f6kay cd. 60\/14 &#8211; 34724 Kad\u0131k\u00f6y \u0130stanbul T\u00dcRK\u0130YE post@franchisemore.com SOSYAL MEDYA HESAPLARI Facebook \u0130nstagram X Linkedin<\/p>\n","protected":false},"author":1,"featured_media":0,"parent":10614,"menu_order":7,"comment_status":"closed","ping_status":"closed","template":"","meta":{"_acf_changed":false,"footnotes":""},"class_list":["post-10647","page","type-page","status-publish","hentry"],"acf":[],"_links":{"self":[{"href":"https:\/\/franchisemore.com\/index.php\/wp-json\/wp\/v2\/pages\/10647","targetHints":{"allow":["GET"]}}],"collection":[{"href":"https:\/\/franchisemore.com\/index.php\/wp-json\/wp\/v2\/pages"}],"about":[{"href":"https:\/\/franchisemore.com\/index.php\/wp-json\/wp\/v2\/types\/page"}],"author":[{"embeddable":true,"href":"https:\/\/franchisemore.com\/index.php\/wp-json\/wp\/v2\/users\/1"}],"replies":[{"embeddable":true,"href":"https:\/\/franchisemore.com\/index.php\/wp-json\/wp\/v2\/comments?post=10647"}],"version-history":[{"count":3,"href":"https:\/\/franchisemore.com\/index.php\/wp-json\/wp\/v2\/pages\/10647\/revisions"}],"predecessor-version":[{"id":11204,"href":"https:\/\/franchisemore.com\/index.php\/wp-json\/wp\/v2\/pages\/10647\/revisions\/11204"}],"up":[{"embeddable":true,"href":"https:\/\/franchisemore.com\/index.php\/wp-json\/wp\/v2\/pages\/10614"}],"wp:attachment":[{"href":"https:\/\/franchisemore.com\/index.php\/wp-json\/wp\/v2\/media?parent=10647"}],"curies":[{"name":"wp","href":"https:\/\/api.w.org\/{rel}","templated":true}]}}