{"id":10641,"date":"2025-02-01T21:42:24","date_gmt":"2025-02-01T21:42:24","guid":{"rendered":"https:\/\/franchisemore.com\/?page_id=10641"},"modified":"2025-07-27T13:43:16","modified_gmt":"2025-07-27T10:43:16","slug":"kurucumuz","status":"publish","type":"page","link":"https:\/\/franchisemore.com\/index.php\/hakkimizda\/kurucumuz\/","title":{"rendered":"Kurucumuz"},"content":{"rendered":"\n<p><strong>KURUCUMUZ<\/strong><\/p>\n\n\n\n<p><strong>Osman Faik Bilge<\/strong><\/p>\n\n\n\n<ul class=\"wp-block-list\">\n<li><strong>E\u011fitim<\/strong>:&nbsp;\u0130T\u00dc (makine m\u00fchendisi), RWTH Aachen (diplom ingenieur), \u0130\u00dc CPIM (international manager), almanca ve ingilizce biliyor.<\/li>\n\n\n\n<li><strong>Otomotiv<\/strong>:&nbsp;PARSAN&nbsp;(m\u00fchendis),&nbsp;OTOMARSAN (m\u00fchendis) kalite temin ve teknik sat\u0131nalma  <\/li>\n\n\n\n<li><strong>G\u0131da\u00a0sanayi<\/strong>: BALSU (y\u00f6netici), N\u0130MET (ortak-y\u00f6netici), f\u0131nd\u0131k, meyve suyu, pizza, unlu mamul alan\u0131nda yat\u0131r\u0131m planlama, \u00fcr\u00fcn geli\u015ftirme, \u00fcretim, kalite temin, sat\u0131n alma, ithalat, ihracat, da\u011f\u0131t\u0131m<\/li>\n\n\n\n<li><strong>Taahh\u00fct<\/strong>:&nbsp;H\u00dcZA (ortak-y\u00f6netici) yeralt\u0131 ara\u015ft\u0131rmas\u0131, su sondaj\u0131<\/li>\n\n\n\n<li><strong>Perakende<\/strong>:&nbsp;EXPRESS (y\u00f6netici) pizza zinciri kurma, SUBWAY (y\u00f6netici) masterfranchise alma, CAPRISUN (y\u00f6netici) masterfranchise alma, B\u0130M (y\u00f6netici) fizibilite, yer se\u00e7imi <\/li>\n\n\n\n<li><strong>\u0130leti\u015fim<\/strong>:&nbsp;HOMECALL (ortak, y\u00f6netici) telefon operat\u00f6r\u00fc zinciri<\/li>\n\n\n\n<li><strong>\u00c7ocuk geli\u015fimi<\/strong>:&nbsp;DAH\u0130 BEBEK (ortak-y\u00f6netici)<\/li>\n\n\n\n<li><strong>D\u0131\u015f ticaret:&nbsp;<\/strong>BALSU (y\u00f6netici) ihracat, TEKSU (y\u00f6netici) ithalat, da\u011f\u0131t\u0131m, CITA (ortak, y\u00f6netici) ihracat<\/li>\n\n\n\n<li><strong>Gayrimenkul<\/strong>:&nbsp;TURYAP (broker), RE&amp;SS (kurucu) yer se\u00e7imi, DEV\u0130RSEPET\u0130 (kurucu) markal\u0131 haz\u0131r i\u015f devri<\/li>\n\n\n\n<li><strong>Dan\u0131\u015fmanl\u0131k: <\/strong>FRANCHISE&amp;MORE (kurucu) <\/li>\n\n\n\n<li><strong>\u0130\u015fletme<\/strong>: CAFE ALGIDA (dan\u0131\u015fman, kurucu, i\u015fletmeci), MISS CRISPY (kurucu, y\u00f6netici), BEYCE (ortak, y\u00f6netici) <\/li>\n\n\n\n<li><strong>E\u011fitmen: <\/strong>F&amp;M SEM\u0130NERLER\u0130 (kurucu, e\u011fitmen), UFRAD FRANCHISE AKADEM\u0130 (kurucu, e\u011fitmen) <\/li>\n\n\n\n<li><strong>Bas\u0131n<\/strong>: KOB\u0130 G\u0130R\u0130\u015e\u0130M, \u0130\u015eF\u0130KR\u0130, PARA, D\u00dcNYA, FRANCHISE D\u00dcNYASI (k\u00f6\u015fe yazar\u0131), &#8220;Franchise nedir\u201d (yazar)<\/li>\n\n\n\n<li><strong>STK<\/strong>: T\u00dcG\u0130DER (kurucu, YK \u00fcyesi), UFRAD (kurucu, YK \u00fcyesi)<\/li>\n<\/ul>\n","protected":false},"excerpt":{"rendered":"<p>KURUCUMUZ Osman Faik Bilge<\/p>\n","protected":false},"author":1,"featured_media":0,"parent":10614,"menu_order":3,"comment_status":"closed","ping_status":"closed","template":"","meta":{"_acf_changed":false,"footnotes":""},"class_list":["post-10641","page","type-page","status-publish","hentry"],"acf":[],"_links":{"self":[{"href":"https:\/\/franchisemore.com\/index.php\/wp-json\/wp\/v2\/pages\/10641","targetHints":{"allow":["GET"]}}],"collection":[{"href":"https:\/\/franchisemore.com\/index.php\/wp-json\/wp\/v2\/pages"}],"about":[{"href":"https:\/\/franchisemore.com\/index.php\/wp-json\/wp\/v2\/types\/page"}],"author":[{"embeddable":true,"href":"https:\/\/franchisemore.com\/index.php\/wp-json\/wp\/v2\/users\/1"}],"replies":[{"embeddable":true,"href":"https:\/\/franchisemore.com\/index.php\/wp-json\/wp\/v2\/comments?post=10641"}],"version-history":[{"count":7,"href":"https:\/\/franchisemore.com\/index.php\/wp-json\/wp\/v2\/pages\/10641\/revisions"}],"predecessor-version":[{"id":11222,"href":"https:\/\/franchisemore.com\/index.php\/wp-json\/wp\/v2\/pages\/10641\/revisions\/11222"}],"up":[{"embeddable":true,"href":"https:\/\/franchisemore.com\/index.php\/wp-json\/wp\/v2\/pages\/10614"}],"wp:attachment":[{"href":"https:\/\/franchisemore.com\/index.php\/wp-json\/wp\/v2\/media?parent=10641"}],"curies":[{"name":"wp","href":"https:\/\/api.w.org\/{rel}","templated":true}]}}