{"id":10639,"date":"2025-02-01T21:40:50","date_gmt":"2025-02-01T21:40:50","guid":{"rendered":"https:\/\/franchisemore.com\/?page_id=10639"},"modified":"2025-02-02T17:39:33","modified_gmt":"2025-02-02T17:39:33","slug":"temsilcilik-sistemimiz","status":"publish","type":"page","link":"https:\/\/franchisemore.com\/index.php\/hakkimizda\/temsilcilik-sistemimiz\/","title":{"rendered":"Temsilcilik sistemimiz"},"content":{"rendered":"\n<p><strong>F&amp;M TEMS\u0130LC\u0130L\u0130K S\u0130STEM\u0130<\/strong><br><br>T\u00fcrkiye&#8217;de franchise alanlar\u0131 korumak amac\u0131yla UFRAD taraf\u0131ndan \u00fcyelerine zorunlu uygulanan<br><strong>Sistem De\u011ferlendirme\u00a0<\/strong>testinden ge\u00e7en <strong>ilk kurulu\u015ftur<br><\/strong><br>\u00d6nc\u00fcl\u00fc\u011f\u00fcm\u00fcz\u00fcn gururunu temsilcilerimizle payla\u015f\u0131yoruz, franchise alanlara bu g\u00fcvenceyi ya\u015fat\u0131yoruz<\/p>\n\n\n\n<p>Bulundu\u011fu \u015fehirde g\u00fcvenilir dan\u0131\u015fman olarak giri\u015fimcileri markal\u0131 i\u015flere y\u00f6nlendirmek isteyen uzmanlar F&amp;M temsilcisi olabilir. Dan\u0131\u015fmanl\u0131k, i\u015fletmecilik, e\u011fitim, sat\u0131\u015f, emlak konular\u0131nda deneyim sahibi olmak, mevcut i\u015finin yan\u0131 s\u0131ra F&amp;M temsilcili\u011fini s\u00fcrd\u00fcrmek, avantaj ve kazan\u00e7 sa\u011flar.<\/p>\n\n\n\n<p>F&amp;M temsilcileri franchise dan\u0131\u015fmanl\u0131\u011f\u0131 ve sat\u0131\u015f\u0131n\u0131 gelir payla\u015f\u0131m\u0131 modeliyle y\u00fcr\u00fct\u00fcr, di\u011fer i\u015flerini kendi hesab\u0131na yaparlar.<\/p>\n","protected":false},"excerpt":{"rendered":"<p>F&amp;M TEMS\u0130LC\u0130L\u0130K S\u0130STEM\u0130 T\u00fcrkiye&#8217;de franchise alanlar\u0131 korumak amac\u0131yla UFRAD taraf\u0131ndan \u00fcyelerine zorunlu uygulananSistem De\u011ferlendirme\u00a0testinden ge\u00e7en ilk kurulu\u015ftur\u00d6nc\u00fcl\u00fc\u011f\u00fcm\u00fcz\u00fcn gururunu temsilcilerimizle payla\u015f\u0131yoruz, franchise alanlara bu g\u00fcvenceyi ya\u015fat\u0131yoruz Bulundu\u011fu \u015fehirde g\u00fcvenilir dan\u0131\u015fman olarak giri\u015fimcileri markal\u0131 i\u015flere y\u00f6nlendirmek isteyen uzmanlar F&amp;M temsilcisi olabilir. Dan\u0131\u015fmanl\u0131k, i\u015fletmecilik, e\u011fitim, sat\u0131\u015f, emlak konular\u0131nda deneyim sahibi olmak, mevcut i\u015finin yan\u0131 s\u0131ra F&amp;M temsilcili\u011fini s\u00fcrd\u00fcrmek,<\/p>\n","protected":false},"author":1,"featured_media":0,"parent":10614,"menu_order":4,"comment_status":"closed","ping_status":"closed","template":"","meta":{"_acf_changed":false,"footnotes":""},"class_list":["post-10639","page","type-page","status-publish","hentry"],"acf":[],"_links":{"self":[{"href":"https:\/\/franchisemore.com\/index.php\/wp-json\/wp\/v2\/pages\/10639","targetHints":{"allow":["GET"]}}],"collection":[{"href":"https:\/\/franchisemore.com\/index.php\/wp-json\/wp\/v2\/pages"}],"about":[{"href":"https:\/\/franchisemore.com\/index.php\/wp-json\/wp\/v2\/types\/page"}],"author":[{"embeddable":true,"href":"https:\/\/franchisemore.com\/index.php\/wp-json\/wp\/v2\/users\/1"}],"replies":[{"embeddable":true,"href":"https:\/\/franchisemore.com\/index.php\/wp-json\/wp\/v2\/comments?post=10639"}],"version-history":[{"count":2,"href":"https:\/\/franchisemore.com\/index.php\/wp-json\/wp\/v2\/pages\/10639\/revisions"}],"predecessor-version":[{"id":10952,"href":"https:\/\/franchisemore.com\/index.php\/wp-json\/wp\/v2\/pages\/10639\/revisions\/10952"}],"up":[{"embeddable":true,"href":"https:\/\/franchisemore.com\/index.php\/wp-json\/wp\/v2\/pages\/10614"}],"wp:attachment":[{"href":"https:\/\/franchisemore.com\/index.php\/wp-json\/wp\/v2\/media?parent=10639"}],"curies":[{"name":"wp","href":"https:\/\/api.w.org\/{rel}","templated":true}]}}