{"id":10616,"date":"2025-02-01T21:30:55","date_gmt":"2025-02-01T21:30:55","guid":{"rendered":"https:\/\/franchisemore.com\/?page_id=10616"},"modified":"2025-02-02T17:33:59","modified_gmt":"2025-02-02T17:33:59","slug":"referanslarimiz","status":"publish","type":"page","link":"https:\/\/franchisemore.com\/index.php\/hakkimizda\/referanslarimiz\/","title":{"rendered":"Referanslar\u0131m\u0131z"},"content":{"rendered":"\n<p><strong>REFERANSLARIMIZ<\/strong><\/p>\n\n\n\n<figure class=\"wp-block-image size-full\"><img fetchpriority=\"high\" decoding=\"async\" width=\"588\" height=\"588\" src=\"https:\/\/franchisemore.com\/wp-content\/uploads\/2025\/02\/FM-referanslar-2017-1.jpg\" alt=\"\" class=\"wp-image-10775\" srcset=\"https:\/\/franchisemore.com\/wp-content\/uploads\/2025\/02\/FM-referanslar-2017-1.jpg 588w, https:\/\/franchisemore.com\/wp-content\/uploads\/2025\/02\/FM-referanslar-2017-1-300x300.jpg 300w, https:\/\/franchisemore.com\/wp-content\/uploads\/2025\/02\/FM-referanslar-2017-1-150x150.jpg 150w, https:\/\/franchisemore.com\/wp-content\/uploads\/2025\/02\/FM-referanslar-2017-1-120x120.jpg 120w\" sizes=\"(max-width: 588px) 100vw, 588px\" \/><\/figure>\n\n\n\n<figure class=\"wp-block-table\"><table class=\"has-fixed-layout\"><tbody><tr><td><strong>MARKA<\/strong><\/td><td><strong>FAAL\u0130YET KONUSU<\/strong><\/td><td><strong>VER\u0130LEN H\u0130ZMETLER<\/strong><\/td><td><strong>YIL<\/strong><\/td><\/tr><tr><td>ADIDAS<\/td><td>spor malz.<\/td><td>devir analizi<\/td><td>2016<\/td><\/tr><tr><td>ADRENAL\u0130N<\/td><td>spor malz.<\/td><td>franchise s\u00f6zle\u015fmesi<\/td><td>2009<\/td><\/tr><tr><td>AKOPT\u0130K<\/td><td>g\u00f6zl\u00fck<\/td><td>analiz ve strateji, i\u015fletme<\/td><td>2010<\/td><\/tr><tr><td>AKUP\u0130L<\/td><td>\u015farj edilen pil yenileme<\/td><td>analiz ve strateji, franchise s\u00f6zle\u015fmesi, el kitaplar\u0131, e\u011fitim, denetim, excl. franchise sat\u0131\u015f<\/td><td>&nbsp;2007<\/td><\/tr><tr><td>AQUA<\/td><td>damacana su<\/td><td>analiz ve strateji , franchise s\u00f6zle\u015fmesi, el kitaplar\u0131, e\u011fitim, denetim<\/td><td>&nbsp;1998<\/td><\/tr><tr><td>AR\u00c7EL\u0130K<\/td><td>beyaz e\u015fya<\/td><td>el kitab\u0131<\/td><td>&nbsp;2002<\/td><\/tr><tr><td>ATASAY<\/td><td>alt\u0131n ve kuyum<\/td><td>analiz ve strateji<\/td><td>&nbsp;2002<\/td><\/tr><tr><td>ATOM TOST<\/td><td>sandvi\u00e7<\/td><td>franchise sat\u0131\u015f<\/td><td>2006<\/td><\/tr><tr><td>ATOM MASTER<\/td><td>meyve suyu<\/td><td>analiz ve strateji, franchise s\u00f6zle\u015fmesi,&nbsp; excl. franchise sat\u0131\u015f<\/td><td>2018<\/td><\/tr><tr><td>AWE CEMRE<\/td><td>do\u011fal kozmetik<\/td><td>franchise sat\u0131\u015f<\/td><td>2006<\/td><\/tr><tr><td>BAKB\u0130<\/td><td>laptop tamiri<\/td><td>analiz ve strateji<\/td><td>2013<\/td><\/tr><tr><td>BAKEPOT<\/td><td>kumpir<\/td><td>analiz ve strateji<\/td><td>2008<\/td><\/tr><tr><td>BAKS<\/td><td>kafe<\/td><td>analiz ve strateji<\/td><td>2010<\/td><\/tr><tr><td>BAMB\u0130<\/td><td>kafe<\/td><td>analiz ve strateji, el kitab\u0131, e\u011fitim, franchise sat\u0131\u015f<\/td><td>2012<\/td><\/tr><tr><td>BA\u015eARI<\/td><td>cep telefonu<\/td><td>analiz ve strateji<\/td><td>2000<\/td><\/tr><tr><td>BEBETO<\/td><td>\u015fekerleme<\/td><td>e\u011fitim<\/td><td>2011<\/td><\/tr><tr><td>BEYCE<\/td><td>d\u00f6ner<\/td><td>devir, yat\u0131r\u0131m y\u00f6nlendirme, i\u015fletme<\/td><td>2012<\/td><\/tr><tr><td>BEEFTOWN<\/td><td>hamburger, sosis<\/td><td>konsept olu\u015fturma<\/td><td>2012<\/td><\/tr><tr><td>BIG MAMAS<\/td><td>kafe<\/td><td>franchise sat\u0131\u015f<\/td><td>2023<\/td><\/tr><tr><td>BIGG SHOP<\/td><td>hediyelik e\u015fya<\/td><td>franchise sat\u0131\u015f<\/td><td>2011<\/td><\/tr><tr><td>B\u0130Z\u0130M MATBAA<\/td><td>dijital matbaa<\/td><td>analiz ve strateji<\/td><td>2022<\/td><\/tr><tr><td>BOLU MANGAL<\/td><td>\u0131zgara<\/td><td>yer temini<\/td><td>&nbsp;<\/td><\/tr><tr><td>BUDUN<\/td><td>tasar\u0131m \u00fcr\u00fcnleri<\/td><td>franchise sat\u0131\u015f<\/td><td>2006<\/td><\/tr><tr><td>BURGY&#8217;S<\/td><td>sandvi\u00e7<\/td><td>franchise sat\u0131\u015f<\/td><td>1998<\/td><\/tr><tr><td>CAJUN CORNER<\/td><td>k\u0131zarm\u0131\u015f tavuk<\/td><td>franchise sat\u0131\u015f<\/td><td>2022<\/td><\/tr><tr><td>CASADRON<\/td><td>hava temizleme<\/td><td>analiz ve strateji, franchise s\u00f6zle\u015fmesi, el kitaplar\u0131, excl. franchise sat\u0131\u015f<\/td><td>&nbsp;2006<\/td><\/tr><tr><td>CAS\u0130TA<\/td><td>mant\u0131-bistro<\/td><td>analiz ve strateji, franchise s\u00f6zle\u015fmesi, el kitaplar\u0131,&nbsp;excl. franchise sat\u0131\u015f<\/td><td>&nbsp;2000<\/td><\/tr><tr><td>CAFE ALGIDA<\/td><td>dondurma kafe<\/td><td>analiz ve strateji, franchise s\u00f6zle\u015fmesi,&nbsp;el kitaplar\u0131, e\u011fitim, denetim, i\u015fletme, franchise sat\u0131\u015f<\/td><td>&nbsp;2001<\/td><\/tr><tr><td>CAFE MARJ\u0130NAL<\/td><td>kafe<\/td><td>konsept olu\u015fturma, mimari tasar\u0131m<\/td><td>2011<\/td><\/tr><tr><td>CAFE SUPREME<\/td><td>kafe<\/td><td>masterfranchise alma<\/td><td>2006<\/td><\/tr><tr><td>CAJUN CORNER<\/td><td>k\u0131zarm\u0131\u015f tavuk<\/td><td>franchise sat\u0131\u015f<\/td><td>2024<\/td><\/tr><tr><td>CEM\u0130LE<\/td><td>z\u00fcccaciye<\/td><td>analiz ve strateji, franchise s\u00f6zle\u015fmesi, e\u011fitim<\/td><td>2010<\/td><\/tr><tr><td>CEYLAN<\/td><td>\u00e7ocuk giyim<\/td><td>analiz ve strateji, franchise s\u00f6zle\u015fmesi, el kitaplar\u0131, e\u011fitim, denetim<\/td><td>&nbsp;1996<\/td><\/tr><tr><td>CHOCONANA<\/td><td>\u00e7ikolatal\u0131 muz<\/td><td>franchise s\u00f6zle\u015fmesi, excl. franchise sat\u0131\u015f<\/td><td>2008<\/td><\/tr><tr><td>CHOCOBANANA<\/td><td>\u00e7ikolatal\u0131 muz<\/td><td>excl. franchise sat\u0131\u015f<\/td><td>2009<\/td><\/tr><tr><td>CINE CITY<\/td><td>sinema<\/td><td>analiz ve strateji, el kitaplar\u0131, e\u011fitim<\/td><td>&nbsp;2001<\/td><\/tr><tr><td>CINE MAGIC<\/td><td>5D sinema<\/td><td>franchise sat\u0131\u015f<\/td><td>2011<\/td><\/tr><tr><td>CINNABON<\/td><td>cafe<\/td><td>tan\u0131t\u0131m<\/td><td>&nbsp;2002<\/td><\/tr><tr><td>CIZBIZ<\/td><td>k\u00f6fte<\/td><td>el kitaplar\u0131, e\u011fitim, denetim, franchise sat\u0131\u015f<\/td><td>2011<\/td><\/tr><tr><td>CONNECTA<\/td><td>cep telefonu<\/td><td>analiz ve strateji, franchise s\u00f6zle\u015fmesi, el kitaplar\u0131, e\u011fitim<\/td><td>2001<\/td><\/tr><tr><td>CREPEBOX<\/td><td>kafe&nbsp;<\/td><td>franchise sat\u0131\u015f<\/td><td>2017<\/td><\/tr><tr><td>\u00c7ITIR USTA<\/td><td>pide, kebap<\/td><td>franchise sat\u0131\u015f<\/td><td>2009<\/td><\/tr><tr><td>\u00c7\u0130LEK<\/td><td>gen\u00e7 odas\u0131 mobilyas\u0131<\/td><td>analiz ve strateji, franchise s\u00f6zle\u015fmesi, el kitaplar\u0131, e\u011fitim, denetim, check-up<\/td><td>&nbsp;1999<\/td><\/tr><tr><td>D&amp;R<\/td><td>kitap-m\u00fczik<\/td><td>analiz ve strateji, franchise s\u00f6zle\u015fmesi, el kitaplar\u0131, e\u011fitim, denetim<\/td><td>&nbsp;1996<\/td><\/tr><tr><td>DAH\u0130 BEBEK<\/td><td>\u00e7ocuk geli\u015fimi<\/td><td>franchise s\u00f6zle\u015fmesi, e\u011fitim, excl. franchise sat\u0131\u015f<\/td><td>&nbsp;2003<\/td><\/tr><tr><td>DEKORJ\u0130NAL<\/td><td>dekor stand\u0131<\/td><td>analiz ve strateji<\/td><td>2011<\/td><\/tr><tr><td>DEL\u0130KASAP<\/td><td>steak house<\/td><td>franchise s\u00f6zle\u015fmesi, excl. franchise sat\u0131\u015f<\/td><td>2014<\/td><\/tr><tr><td>DENT\u0130STANBUL<\/td><td>di\u015f poliklini\u011fi<\/td><td>analiz ve strateji<\/td><td>2013<\/td><\/tr><tr><td>DEULCOM<\/td><td>e\u011fitim<\/td><td>analiz ve strateji, e\u011fitim, franchise sat\u0131\u015f<\/td><td>&nbsp;1998<\/td><\/tr><tr><td>DIAL<\/td><td>ara\u00e7 temizlik<\/td><td>analiz ve strateji, franchise s\u00f6zle\u015fmesi, el kitaplar\u0131, e\u011fitim, denetim, excl. franchise sat\u0131\u015f<\/td><td>&nbsp;2007<\/td><\/tr><tr><td>DKNY<\/td><td>haz\u0131r giyim<\/td><td>analiz ve strateji<\/td><td>&nbsp;2000<\/td><\/tr><tr><td>DOGO<\/td><td>hediyelik e\u015fya<\/td><td>franchise sat\u0131\u015f<\/td><td>2012<\/td><\/tr><tr><td>DOME PICO<\/td><td>kumpir<\/td><td>franchise sat\u0131\u015f<\/td><td>2007<\/td><\/tr><tr><td>DONUT&amp;WAFFLE<\/td><td>donut, waffle<\/td><td>franchise s\u00f6zle\u015fmesi<\/td><td>2006<\/td><\/tr><tr><td>D\u00d6NERC\u0130 ORHAN<\/td><td>d\u00f6ner<\/td><td>analiz ve strateji, el kitab\u0131, e\u011fitim, denetim, excl. franchise sat\u0131\u015f<\/td><td>2013<\/td><\/tr><tr><td>DRY CLEAN USA<\/td><td>kuru temizleme<\/td><td>analiz<\/td><td>&nbsp;1996<\/td><\/tr><tr><td>DRY T\u00dcRK<\/td><td>kuru temizleme<\/td><td>analiz ve strateji, kurum kimli\u011fi, excl. franchise sat\u0131\u015f<\/td><td>2011<\/td><\/tr><tr><td>EL TOR\u0130TO<\/td><td>meksika mutfa\u011f\u0131<\/td><td>excl. franchise sat\u0131\u015f<\/td><td>&nbsp;2006<\/td><\/tr><tr><td>ELMA ARMUT<\/td><td>meyve suyu<\/td><td>excl. franchise sat\u0131\u015f<\/td><td>2008<\/td><\/tr><tr><td>ERENSAN<\/td><td>kazan \u00fcretimi<\/td><td>analiz ve strateji<\/td><td>&nbsp;2002<\/td><\/tr><tr><td>ESTET\u0130K INT&#8217;L<\/td><td>g\u00fczellik merkezi<\/td><td>analiz ve strateji<\/td><td>2009<\/td><\/tr><tr><td>EXPO CHANNEL<\/td><td>medya pazarlama<\/td><td>analiz ve strateji, franchise s\u00f6zle\u015fmesi, el kitaplar\u0131, e\u011fitim, denetim, excl. franchise sat\u0131\u015f<\/td><td>&nbsp;2006<\/td><\/tr><tr><td>ET\u00c7\u0130\u0130<\/td><td>steak house<\/td><td>franchise s\u00f6zle\u015fmesi, franchise sat\u0131\u015f<\/td><td>2008<\/td><\/tr><tr><td>EUROMODA<\/td><td>bijuteri<\/td><td>analiz ve strateji, franchise s\u00f6zle\u015fmesi, franchise sat\u0131\u015f<\/td><td>&nbsp;2007<\/td><\/tr><tr><td>FESTIVA<\/td><td>sports cafe<\/td><td>franchise s\u00f6zle\u015fmesi, excl. franchise sat\u0131\u015f<\/td><td>2008<\/td><\/tr><tr><td>F\u0130BERL\u0130<\/td><td>LED ayd\u0131nlatma<\/td><td>analiz ve strateji<\/td><td>2016<\/td><\/tr><tr><td>FITINTIME<\/td><td>spor salonu<\/td><td>analiz ve strateji<\/td><td>2016<\/td><\/tr><tr><td>FOODNOOK<\/td><td>sandvi\u00e7<\/td><td>konsept olu\u015fturma, el kitab\u0131, franchise sat\u0131\u015f<\/td><td>2024<\/td><\/tr><tr><td>FOOT BREAK<\/td><td>ayak masaj\u0131<\/td><td>franchise sat\u0131\u015f<\/td><td>2010<\/td><\/tr><tr><td>FR. LA BUFALA<\/td><td>Pizza steak<\/td><td>franchise s\u00f6zle\u015fmesi, franchise sat\u0131\u015f<\/td><td>2010<\/td><\/tr><tr><td>FUNPARK<\/td><td>5 boyutlu sinema<\/td><td>analiz ve strateji, franchise s\u00f6zle\u015fmesi, franchise sat\u0131\u015f, yer temini<\/td><td>2010<\/td><\/tr><tr><td>GOF<\/td><td>fatura \u00f6deme<\/td><td>franchise sat\u0131\u015f<\/td><td>2011<\/td><\/tr><tr><td>G\u00d6N\u00dcL<\/td><td>davet salonu<\/td><td>analiz ve strateji, franchise s\u00f6zle\u015fmesi, el kitaplar\u0131, franchise sat\u0131\u015f<\/td><td>2008<\/td><\/tr><tr><td>GREEN SALADS<\/td><td>restoran<\/td><td>devir<\/td><td>2014<\/td><\/tr><tr><td>GROUP 7\/24<\/td><td>bina y\u00f6netimi<\/td><td>analiz ve strateji, franchise sat\u0131\u015f<\/td><td>2007<\/td><\/tr><tr><td>GYMBOREE<\/td><td>\u00e7ocuk jimnasti\u011fi<\/td><td>franchise sat\u0131\u015f, tan\u0131t\u0131m<\/td><td>&nbsp;1999<\/td><\/tr><tr><td>HACIO\u011eLU<\/td><td>lahmacun fast food<\/td><td>analiz ve strateji, franchise s\u00f6zle\u015fmesi, el kitaplar\u0131, e\u011fitim, denetim<\/td><td>&nbsp;1994<\/td><\/tr><tr><td>HACIO\u011eLU<\/td><td>lahmacun&nbsp;<\/td><td>analiz ve strateji, \u00fcr\u00fcn geli\u015ftirme<\/td><td>2015<\/td><\/tr><tr><td>HAPPY<\/td><td>g\u00fczellik salonu<\/td><td>franchise sat\u0131\u015f<\/td><td>2006<\/td><\/tr><tr><td>HAPPY MOONS<\/td><td>kafe bistro<\/td><td>el kitaplar\u0131<\/td><td>2012<\/td><\/tr><tr><td>HEPS\u0130 LAHMACUN<\/td><td>lahmacun, kebap<\/td><td>franchise sat\u0131\u015f, yer temini<\/td><td>2011<\/td><\/tr><tr><td>HOMECALL<\/td><td>telefon hizmetleri<\/td><td>analiz ve strateji, franchise s\u00f6zle\u015fmesi, el kitaplar\u0131, e\u011fitim, denetim, excl. franchise sat\u0131\u015f<\/td><td>&nbsp;2004<\/td><\/tr><tr><td>HS BRANDS<\/td><td>gizli m\u00fc\u015fteri<\/td><td>RBM gizli m\u00fc\u015fteri modeli<\/td><td>2011<\/td><\/tr><tr><td>INKAGAS<\/td><td>otogaz<\/td><td>analiz ve strateji, franchise s\u00f6zle\u015fmesi, el kitaplar\u0131<\/td><td>2010<\/td><\/tr><tr><td>INKILAP<\/td><td>kitabevi<\/td><td>analiz ve strateji<\/td><td>&nbsp;2000<\/td><\/tr><tr><td>INTABLE<\/td><td>restoran<\/td><td>analiz ve strateji, franchise s\u00f6zle\u015fmesi, excl. franchise sat\u0131\u015f<\/td><td>2006<\/td><\/tr><tr><td>\u0130RFAN USTA<\/td><td>restoran<\/td><td>excl. franchise sat\u0131\u015f<\/td><td>2021<\/td><\/tr><tr><td>\u0130SBAK<\/td><td>do\u011falgaz vanalar\u0131<\/td><td>analiz ve strateji, norm kadro<\/td><td>&nbsp;2001<\/td><\/tr><tr><td>\u0130SOS<\/td><td>soslu d\u00f6ner<\/td><td>excl. franchise sat\u0131\u015f<\/td><td>2014<\/td><\/tr><tr><td>\u0130STANBUL YAPI MARKET<\/td><td>in\u015faat malzemeleri<\/td><td>analiz ve strateji, franchise s\u00f6zle\u015fmesi, el kitaplar\u0131, e\u011fitim, denetim, franchise sat\u0131\u015f<\/td><td>&nbsp;2006<\/td><\/tr><tr><td>\u0130SVE\u00c7 AYAK SA\u011eLI\u011eI<\/td><td>ayak bak\u0131m\u0131<\/td><td>analiz ve strateji, franchise s\u00f6zle\u015fmesi, el kitaplar\u0131, e\u011fitim, denetim<\/td><td>&nbsp;1999<\/td><\/tr><tr><td>JABOTTER<\/td><td>ayakkab\u0131<\/td><td>analiz ve strateji, franchise dan\u0131\u015fmanl\u0131\u011f\u0131<\/td><td>2021<\/td><\/tr><tr><td>JAG CLUB<\/td><td>ayakkab\u0131<\/td><td>analiz ve strateji, franchise s\u00f6zle\u015fmesi, el kitab\u0131<\/td><td>2014<\/td><\/tr><tr><td>JANI KING<\/td><td>end\u00fcstriyel temizlik<\/td><td>franchise sat\u0131\u015f<\/td><td>2004<\/td><\/tr><tr><td>JUICE PLANET<\/td><td>meyve suyu<\/td><td>analiz ve strateji, el kitab\u0131, excl. franchise sat\u0131\u015f<\/td><td>2009<\/td><\/tr><tr><td>JUICE ZONE<\/td><td>meyve suyu<\/td><td>franchise sat\u0131\u015f<\/td><td>2010<\/td><\/tr><tr><td>KAAN<\/td><td>cep telefonu<\/td><td>analiz ve strateji<\/td><td>1999<\/td><\/tr><tr><td>COFFEE MANIA<\/td><td>kafe<\/td><td>yer se\u00e7imi ve temini<\/td><td>2010<\/td><\/tr><tr><td>KEBAP\u00c7I \u0130SKENDER<\/td><td>d\u00f6ner kebap<\/td><td>analiz ve strateji, franchise s\u00f6zle\u015fmesi, el kitaplar\u0131, franchise sat\u0131\u015f<\/td><td>&nbsp;2006<\/td><\/tr><tr><td>KO\u00c7 E\u011e\u0130T\u0130M<\/td><td>dershane<\/td><td>analiz ve strateji, franchise s\u00f6zle\u015fmesi<\/td><td>2010<\/td><\/tr><tr><td>KOLAY<\/td><td>internet cafe<\/td><td>analiz ve strateji<\/td><td>2001<\/td><\/tr><tr><td>KOMAGENE<\/td><td>\u00e7i\u011f k\u00f6fte<\/td><td>analiz ve strateji, franchise s\u00f6zle\u015fmesi, excl. franchise sat\u0131\u015f<\/td><td>&nbsp;2008<\/td><\/tr><tr><td>K\u00d6Y DE\u011e\u0130RMEN\u0130<\/td><td>restoran<\/td><td>uygunluk analizi<\/td><td>2009<\/td><\/tr><tr><td>KUMRUCUM<\/td><td>kumru<\/td><td>escl. franchise sat\u0131\u015f<\/td><td>&nbsp;2007<\/td><\/tr><tr><td>K\u00dcPTE<\/td><td>kebap<\/td><td>analiz ve strateji, franchise s\u00f6zle\u015fmesi, e\u011fitim, denetim, excl. franchise sat\u0131\u015f<\/td><td>&nbsp;2006<\/td><\/tr><tr><td>LAVAZZA<\/td><td>kafe<\/td><td>el kitab\u0131, franchise sat\u0131\u015f<\/td><td>2010<\/td><\/tr><tr><td>LEVENT LOSTRA<\/td><td>lostra salonu<\/td><td>analiz ve strateji<\/td><td>2010<\/td><\/tr><tr><td>LITTLE CEASARS<\/td><td>pizza<\/td><td>devir<\/td><td>2016<\/td><\/tr><tr><td>MAD SCIENCE<\/td><td>\u00e7ocuk e\u011fitimi<\/td><td>franchise sat\u0131\u015f, tan\u0131t\u0131m<\/td><td>&nbsp;1999<\/td><\/tr><tr><td>MAJORICA<\/td><td>Mallorca incisi<\/td><td>analiz ve strateji, yer temini<\/td><td>2011<\/td><\/tr><tr><td>MANCHU WOK<\/td><td>\u00e7in mutfa\u011f\u0131<\/td><td>tan\u0131t\u0131m<\/td><td>&nbsp;1999<\/td><\/tr><tr><td>MANTI KEYF\u0130<\/td><td>mant\u0131<\/td><td>franchise sat\u0131\u015f<\/td><td>2008<\/td><\/tr><tr><td>MARSHALL<\/td><td>boya<\/td><td>e\u011fitim<\/td><td>2008<\/td><\/tr><tr><td>MERU<\/td><td>d\u00f6ner<\/td><td>analiz ve strateji, franchise sat\u0131\u015f<\/td><td>2008<\/td><\/tr><tr><td>MEZZET<\/td><td>meze evi<\/td><td>franchise sat\u0131\u015f<\/td><td>2008<\/td><\/tr><tr><td>MISO RAMEN<\/td><td>Japon mutfa\u011f\u0131<\/td><td>franchise pazarlama<\/td><td>2024<\/td><\/tr><tr><td>MISS CRISPY<\/td><td>k\u0131zarm\u0131\u015f tavuk<\/td><td>analiz ve strateji, franchise s\u00f6zle\u015fmesi, el kitaplar\u0131, excl. franchise sat\u0131\u015f<\/td><td>&nbsp;2006<\/td><\/tr><tr><td>MOPAK<\/td><td>k\u0131rtasiye<\/td><td>analiz ve strateji, franchise s\u00f6zle\u015fmesi, el kitaplar\u0131, e\u011fitim, denetim<\/td><td>&nbsp;2000<\/td><\/tr><tr><td>MR. KUMP\u0130R<\/td><td>kumpir<\/td><td>analiz ve strateji, franchise s\u00f6zle\u015fmesi, el kitaplar\u0131, franchise sat\u0131\u015f<\/td><td>2006<\/td><\/tr><tr><td>MR. PATO<\/td><td>pomfrit<\/td><td>franchise sat\u0131\u015f<\/td><td>2009<\/td><\/tr><tr><td>MUDURNU<\/td><td>tavuk fast food<\/td><td>analiz ve strateji, franchise s\u00f6zle\u015fmesi, el kitaplar\u0131, e\u011fitim, denetim<\/td><td>&nbsp;1995<\/td><\/tr><tr><td>MYFISH<\/td><td>bal\u0131k fast food<\/td><td>franchise sat\u0131\u015f<\/td><td>&nbsp;2005<\/td><\/tr><tr><td>MYGYM<\/td><td>\u00e7ocuk jimnasti\u011fi<\/td><td>franchise sat\u0131\u015f<\/td><td>&nbsp;2004<\/td><\/tr><tr><td>MY P\u0130DE BY D\u00dcR\u00dcM<\/td><td>pide-d\u00fcr\u00fcm fast food<\/td><td>analiz ve strateji, franchise s\u00f6zle\u015fmesi, el kitaplar\u0131<\/td><td>&nbsp;2006<\/td><\/tr><tr><td>NATURLINE<\/td><td>paralel t\u0131p<\/td><td>analiz ve strateji<\/td><td>2014<\/td><\/tr><tr><td>NETS CLUB<\/td><td>g\u00fczellik merkezi<\/td><td>analiz ve strateji, franchise sat\u0131\u015f<\/td><td>2011<\/td><\/tr><tr><td>NOKIA SHOP<\/td><td>mobil&nbsp;telefon<\/td><td>e\u011fitim<\/td><td>&nbsp;2001<\/td><\/tr><tr><td>OFFICE 1 SUPERSTORE<\/td><td>k\u0131rtasiye<\/td><td>analiz ve strateji, franchise s\u00f6zle\u015fmesi, e\u011fitim, franchise sat\u0131\u015f<\/td><td>&nbsp;1995<\/td><\/tr><tr><td>PAINT FIX PRO<\/td><td>kaporta tamir<\/td><td>franchise sat\u0131\u015f<\/td><td>2003<\/td><\/tr><tr><td>PERLA<\/td><td>cafe ve \u00e7ay buti\u011fi<\/td><td>franchise s\u00f6zle\u015fmesi, excl. franchise sat\u0131\u015f<\/td><td>&nbsp;2007<\/td><\/tr><tr><td>PIRLANT<\/td><td>saat-kuyum<\/td><td>franchise s\u00f6zle\u015fmesi, franchise sat\u0131\u015f<\/td><td>2013<\/td><\/tr><tr><td>P\u0130DEK\u00d6Y<\/td><td>pide<\/td><td>devir<\/td><td>2017<\/td><\/tr><tr><td>P\u0130MAPEN<\/td><td>PVC pencere<\/td><td>analiz ve strateji, franchise s\u00f6zle\u015fmesi, el kitaplar\u0131, e\u011fitim, denetim<\/td><td>&nbsp;2001<\/td><\/tr><tr><td>P\u0130ZZA HOUSE<\/td><td>pizza<\/td><td>franchise sat\u0131\u015f<\/td><td>2010<\/td><\/tr><tr><td>P\u0130ZZA MAX<\/td><td>pizza<\/td><td>masterfranchise verme<\/td><td>2008<\/td><\/tr><tr><td>P\u0130ZZA P\u0130ZZA<\/td><td>pizza<\/td><td>franchise sat\u0131\u015f<\/td><td>2008<\/td><\/tr><tr><td>POLEN TANTUN\u0130<\/td><td>fast food<\/td><td>franchise sat\u0131\u015f<\/td><td>2015<\/td><\/tr><tr><td>PLUS POINT<\/td><td>oto par\u00e7as\u0131<\/td><td>analiz ve strateji, franchise pazarlama, el kitab\u0131, e\u011fitim&nbsp;<\/td><td>2018<\/td><\/tr><tr><td>PRECISION TUNE<\/td><td>motor bak\u0131m<\/td><td>franchise sat\u0131\u015f<\/td><td>&nbsp;1996<\/td><\/tr><tr><td>QUPPA<\/td><td>cafe<\/td><td>analiz ve strateji, franchise anla\u015fmas\u0131, franchise sat\u0131\u015f<\/td><td>2019<\/td><\/tr><tr><td>ROMMA<\/td><td>dondurma cafe<\/td><td>analiz ve strateji, franchise anla\u015fmas\u0131,&nbsp;el kitab\u0131, franchise sat\u0131\u015f<\/td><td>2010<\/td><\/tr><tr><td>ROTO ROOTERS<\/td><td>kanal temizlik<\/td><td>franchise sat\u0131\u015f<\/td><td>&nbsp;1996<\/td><\/tr><tr><td>SABRA<\/td><td>kad\u0131n giyim<\/td><td>el kitaplar\u0131<\/td><td>2011<\/td><\/tr><tr><td>SAKIPA\u011eA<\/td><td>d\u00f6ner<\/td><td>analiz ve strateji<\/td><td>2011<\/td><\/tr><tr><td>SALDI<\/td><td>indirimli giyim<\/td><td>franchise sat\u0131\u015f<\/td><td>2012<\/td><\/tr><tr><td>SAMP\u0130<\/td><td>pide restoran<\/td><td>analiz ve strateji, franchise s\u00f6zle\u015fmesi, el kitaplar\u0131, e\u011fitim, denetim, excl. franchise sat\u0131\u015f<\/td><td>&nbsp;1995<\/td><\/tr><tr><td>SBM<\/td><td>sigara b\u0131rakma<\/td><td>franchise s\u00f6zle\u015fmesi, excl. franchise sat\u0131\u015f<\/td><td>&nbsp;2007<\/td><\/tr><tr><td>SEDONA<\/td><td>bisiklet\u00e7i<\/td><td>analiz ve strateji<\/td><td>2014<\/td><\/tr><tr><td>S\u0130MDO<\/td><td>dondurma cafe<\/td><td>analiz ve strateji, franchise pazarlama<\/td><td>2019<\/td><\/tr><tr><td>S\u0130M\u0130T SARAYI<\/td><td>simit cafe<\/td><td>franchise sat\u0131\u015f, yer se\u00e7imi<\/td><td>2009<\/td><\/tr><tr><td>SMILE<\/td><td>ileti\u015fim ma\u011fazas\u0131<\/td><td>franchise s\u00f6zle\u015fmesi, el kitaplar\u0131, e\u011fitim, denetim<\/td><td>&nbsp;2006<\/td><\/tr><tr><td>SUBWAY<\/td><td>sandvi\u00e7<\/td><td>devir<\/td><td>2012<\/td><\/tr><tr><td>SUBZERO<\/td><td>dondurma<\/td><td>masterfranchise sat\u0131\u015f<\/td><td>2012<\/td><\/tr><tr><td>SUN BROTHERS<\/td><td>pizza<\/td><td>analiz ve strateji, el kitab\u0131, franchise sat\u0131\u015f<\/td><td>2024<\/td><\/tr><tr><td>SUNSET&nbsp;<\/td><td>cam aras\u0131 jaluzi<\/td><td>franchise s\u00f6zle\u015fmesi<\/td><td>2016<\/td><\/tr><tr><td>ST. MASTERPIECE<\/td><td>Sanat e\u011fitimi&nbsp;<\/td><td>excl. franchise sat\u0131\u015f<\/td><td>2021<\/td><\/tr><tr><td>\u015eEF&#8217;S BURGER<\/td><td>hamburger<\/td><td>analiz ve strateji, konsept geli\u015ftirme<\/td><td>2016<\/td><\/tr><tr><td>\u015eEKER P\u0130L\u0130\u00c7<\/td><td>fast food<\/td><td>analiz ve strateji<\/td><td>2010<\/td><\/tr><tr><td>T-BEKS<\/td><td>ara\u00e7 temizlik<\/td><td>franchise sat\u0131\u015f<\/td><td>2010<\/td><\/tr><tr><td>TAT\u0130L SEPET\u0130<\/td><td>seyahat acentesi<\/td><td>analiz ve strateji<\/td><td>2011<\/td><\/tr><tr><td>TATLICI TOMBAK<\/td><td>s\u00fctl\u00fc tatl\u0131 cafe<\/td><td>analiz ve strateji, fr. s\u00f6zle\u015fmesi, excl. franchise sat\u0131\u015f<\/td><td>&nbsp;2008<\/td><\/tr><tr><td>TAVUK D\u00dcNYASI<\/td><td>fast food<\/td><td>franchise sat\u0131\u015f<\/td><td>2012<\/td><\/tr><tr><td>TAZEKURU<\/td><td>kurutulmu\u015f g\u0131da<\/td><td>analiz ve strateji<\/td><td>2016<\/td><\/tr><tr><td>TEKNOFOTO<\/td><td>foto\u011fraf<\/td><td>e\u011fitim<\/td><td>2007<\/td><\/tr><tr><td>THE CLUB<\/td><td>spor salonu<\/td><td>analiz ve strateji, excl. franchise sat\u0131\u015f<\/td><td>&nbsp;1997<\/td><\/tr><tr><td>THE MAGIC TOUCH<\/td><td>promosyon<\/td><td>analiz ve strateji, franchise sat\u0131\u015f, i\u015fletme<\/td><td>&nbsp;2001<\/td><\/tr><tr><td>TOMB\u0130\u015e<\/td><td>kumru<\/td><td>analiz ve strateji, franchise s\u00f6zle\u015fmesi, e\u011fitim, denetim, franchise sat\u0131\u015f, yer temini<\/td><td>2010<\/td><\/tr><tr><td>TORKU Z\u0130YAFET<\/td><td>d\u00f6ner<\/td><td>franchise el kitab\u0131<\/td><td>2019<\/td><\/tr><tr><td>TOWN &amp; COUNTRY<\/td><td>konut yap\u0131m\u0131<\/td><td>franchise sat\u0131\u015f<\/td><td>&nbsp;2006<\/td><\/tr><tr><td>TRULY NOLEN<\/td><td>ila\u00e7lama<\/td><td>tan\u0131t\u0131m<\/td><td>&nbsp;1996<\/td><\/tr><tr><td>U\u00c7AN BALON<\/td><td>\u00e7ocukevi<\/td><td>analiz ve strateji, franchise s\u00f6zle\u015fmesi, e\u011fitim, denetim, franchise sat\u0131\u015f<\/td><td>&nbsp;2006<\/td><\/tr><tr><td>UZAY<\/td><td>kafe pastane<\/td><td>analiz ve strateji, konsept geli\u015ftirme<\/td><td>2012<\/td><\/tr><tr><td>VE ALA<\/td><td>mangal<\/td><td>el kitab\u0131, franchise sat\u0131\u015f<\/td><td>2013<\/td><\/tr><tr><td>WAFFLE ART<\/td><td>waffle<\/td><td>franchise sat\u0131\u015f<\/td><td>2008<\/td><\/tr><tr><td>YAL\u00c7INLAR<\/td><td>foto\u011fraf\u00e7\u0131l\u0131k<\/td><td>franchise sat\u0131\u015f<\/td><td>&nbsp;2006<\/td><\/tr><tr><td>YAMM\u0130<\/td><td>makarna<\/td><td>yer temini<\/td><td>2019<\/td><\/tr><tr><td>YANGIN 360<\/td><td>g\u00fcvenlik hizmeti<\/td><td>analiz ve strateji<\/td><td>2022<\/td><\/tr><tr><td>YAPA<\/td><td>anaokulu<\/td><td>franchise tan\u0131t\u0131m\u0131<\/td><td>2016<\/td><\/tr><tr><td>YEN\u0130KAPLICA<\/td><td>hamam<\/td><td>analiz ve strateji<\/td><td>2020<\/td><\/tr><tr><td>YES<\/td><td>temel g\u0131da<\/td><td>analiz ve strateji<\/td><td>2004<\/td><\/tr><tr><td>Y\u00dcKSEL\u0130\u015e<\/td><td>e\u011fitim<\/td><td>analiz ve strateji<\/td><td>2016<\/td><\/tr><tr><td>ZEST<\/td><td>temizlik hizmetleri<\/td><td>analiz ve strateji, excl. franchise sat\u0131\u015f<\/td><td>&nbsp;2006<\/td><\/tr><tr><td>Z\u0130YA<\/td><td>kebap fast food<\/td><td>analiz ve strateji, franchise sat\u0131\u015f<\/td><td>&nbsp;2004<\/td><\/tr><tr><td>Z\u0130YAFE<\/td><td>Kayseri mutfa\u011f\u0131<\/td><td>el kitab\u0131, franchise sat\u0131\u015f, yer temini, devir<\/td><td>2010<\/td><\/tr><\/tbody><\/table><\/figure>\n\n\n\n<p><\/p>\n","protected":false},"excerpt":{"rendered":"<p>REFERANSLARIMIZ MARKA FAAL\u0130YET KONUSU VER\u0130LEN H\u0130ZMETLER YIL ADIDAS spor malz. devir analizi 2016 ADRENAL\u0130N spor malz. franchise s\u00f6zle\u015fmesi 2009 AKOPT\u0130K g\u00f6zl\u00fck analiz ve strateji, i\u015fletme 2010 AKUP\u0130L \u015farj edilen pil yenileme analiz ve strateji, franchise s\u00f6zle\u015fmesi, el kitaplar\u0131, e\u011fitim, denetim, excl. franchise sat\u0131\u015f &nbsp;2007 AQUA damacana su analiz ve strateji , franchise s\u00f6zle\u015fmesi, el kitaplar\u0131,<\/p>\n","protected":false},"author":1,"featured_media":0,"parent":10614,"menu_order":2,"comment_status":"closed","ping_status":"closed","template":"","meta":{"_acf_changed":false,"footnotes":""},"class_list":["post-10616","page","type-page","status-publish","hentry"],"acf":[],"_links":{"self":[{"href":"https:\/\/franchisemore.com\/index.php\/wp-json\/wp\/v2\/pages\/10616","targetHints":{"allow":["GET"]}}],"collection":[{"href":"https:\/\/franchisemore.com\/index.php\/wp-json\/wp\/v2\/pages"}],"about":[{"href":"https:\/\/franchisemore.com\/index.php\/wp-json\/wp\/v2\/types\/page"}],"author":[{"embeddable":true,"href":"https:\/\/franchisemore.com\/index.php\/wp-json\/wp\/v2\/users\/1"}],"replies":[{"embeddable":true,"href":"https:\/\/franchisemore.com\/index.php\/wp-json\/wp\/v2\/comments?post=10616"}],"version-history":[{"count":4,"href":"https:\/\/franchisemore.com\/index.php\/wp-json\/wp\/v2\/pages\/10616\/revisions"}],"predecessor-version":[{"id":10944,"href":"https:\/\/franchisemore.com\/index.php\/wp-json\/wp\/v2\/pages\/10616\/revisions\/10944"}],"up":[{"embeddable":true,"href":"https:\/\/franchisemore.com\/index.php\/wp-json\/wp\/v2\/pages\/10614"}],"wp:attachment":[{"href":"https:\/\/franchisemore.com\/index.php\/wp-json\/wp\/v2\/media?parent=10616"}],"curies":[{"name":"wp","href":"https:\/\/api.w.org\/{rel}","templated":true}]}}