{"id":10614,"date":"2025-02-01T21:27:58","date_gmt":"2025-02-01T21:27:58","guid":{"rendered":"https:\/\/franchisemore.com\/?page_id=10614"},"modified":"2025-02-02T17:31:33","modified_gmt":"2025-02-02T17:31:33","slug":"hakkimizda","status":"publish","type":"page","link":"https:\/\/franchisemore.com\/index.php\/hakkimizda\/","title":{"rendered":"HAKKIMIZDA"},"content":{"rendered":"\n<p><strong>HAKKIMIZDA<\/strong><\/p>\n\n\n\n<p>Franchise&amp;More T\u00fcrkiye\u2019nin \u00f6nc\u00fc franchise dan\u0131\u015fmanl\u0131k kurulu\u015fu. 1996 y\u0131l\u0131nda Osman Bilge taraf\u0131ndan kuruldu, \u00fclke genelinde uzman temsilcileri eliyle onlarca zincirin franchise sistemini kurmas\u0131na, y\u00fczlerce giri\u015fimcinin franchise almas\u0131na destek verdi.<\/p>\n\n\n\n<p>Franchise verenler i\u00e7in sistem kuruyor, franchise sat\u0131yor, yer buluyor, devrediyor,<\/p>\n\n\n\n<p>Franchise alanlar i\u00e7in dan\u0131\u015fmanl\u0131k ve ko\u00e7luk veriyor, yer buluyor, devrediyor.<\/p>\n\n\n\n<p>Franchise verenlere ve y\u00f6netenlere e\u011fitim veriyor, F&amp;M, UFRAD ve \u0130A\u00dc i\u015fbirli\u011fi ile kurulan Franchise Akademisini y\u00f6netiyor.<\/p>\n","protected":false},"excerpt":{"rendered":"<p>HAKKIMIZDA Franchise&amp;More T\u00fcrkiye\u2019nin \u00f6nc\u00fc franchise dan\u0131\u015fmanl\u0131k kurulu\u015fu. 1996 y\u0131l\u0131nda Osman Bilge taraf\u0131ndan kuruldu, \u00fclke genelinde uzman temsilcileri eliyle onlarca zincirin franchise sistemini kurmas\u0131na, y\u00fczlerce giri\u015fimcinin franchise almas\u0131na destek verdi. Franchise verenler i\u00e7in sistem kuruyor, franchise sat\u0131yor, yer buluyor, devrediyor, Franchise alanlar i\u00e7in dan\u0131\u015fmanl\u0131k ve ko\u00e7luk veriyor, yer buluyor, devrediyor. Franchise verenlere ve y\u00f6netenlere e\u011fitim veriyor,<\/p>\n","protected":false},"author":1,"featured_media":0,"parent":0,"menu_order":1,"comment_status":"closed","ping_status":"closed","template":"","meta":{"_acf_changed":false,"footnotes":""},"class_list":["post-10614","page","type-page","status-publish","hentry"],"acf":[],"_links":{"self":[{"href":"https:\/\/franchisemore.com\/index.php\/wp-json\/wp\/v2\/pages\/10614","targetHints":{"allow":["GET"]}}],"collection":[{"href":"https:\/\/franchisemore.com\/index.php\/wp-json\/wp\/v2\/pages"}],"about":[{"href":"https:\/\/franchisemore.com\/index.php\/wp-json\/wp\/v2\/types\/page"}],"author":[{"embeddable":true,"href":"https:\/\/franchisemore.com\/index.php\/wp-json\/wp\/v2\/users\/1"}],"replies":[{"embeddable":true,"href":"https:\/\/franchisemore.com\/index.php\/wp-json\/wp\/v2\/comments?post=10614"}],"version-history":[{"count":13,"href":"https:\/\/franchisemore.com\/index.php\/wp-json\/wp\/v2\/pages\/10614\/revisions"}],"predecessor-version":[{"id":10942,"href":"https:\/\/franchisemore.com\/index.php\/wp-json\/wp\/v2\/pages\/10614\/revisions\/10942"}],"wp:attachment":[{"href":"https:\/\/franchisemore.com\/index.php\/wp-json\/wp\/v2\/media?parent=10614"}],"curies":[{"name":"wp","href":"https:\/\/api.w.org\/{rel}","templated":true}]}}